{"id":4507,"date":"2026-02-02T19:30:18","date_gmt":"2026-02-02T18:30:18","guid":{"rendered":"https:\/\/www.ibo.guide\/notre-newsletter\/"},"modified":"2026-05-02T15:53:29","modified_gmt":"2026-05-02T13:53:29","slug":"notre-newsletter","status":"publish","type":"page","link":"https:\/\/www.ibo.guide\/fr\/notre-newsletter\/","title":{"rendered":"Notre newsletter"},"content":{"rendered":"\n<h2 class=\"wp-block-heading\">Reste au courant avec IBO GUIDE<\/h2>\n\n<p>Tu veux voyager librement, authentiquement et sans stress ? Abonne-toi \u00e0 notre newsletter et re\u00e7ois des conseils \u00e9prouv\u00e9s pour voyager avec ton chien, partir en road trip en voiture, randonner et explorer des villes et des pays que nous avons nous-m\u00eames parcourus.<\/p>\n\n<p>IBO GUIDE t\u2019aide, toi et ton chien, \u00e0 prendre la route.<\/p>\n\n<h2 class=\"wp-block-heading\">Que trouveras-tu dans notre newsletter ?<\/h2>\n\n<ul class=\"wp-block-list\">\n<li>Des retours d\u2019exp\u00e9rience concrets sur le voyage avec un chien (dans l\u2019UE et au-del\u00e0)<\/li>\n\n\n\n<li>Des parcours de road trip en voiture test\u00e9s et approuv\u00e9s, et des itin\u00e9raires pratiques<\/li>\n\n\n\n<li>Des id\u00e9es de rando et d\u2019excursions, avec ou sans chien<\/li>\n\n\n\n<li>Des adresses authentiques, loin du tourisme de masse<\/li>\n\n\n\n<li>Des conseils concrets sur les documents, les r\u00e8gles et la pr\u00e9paration du voyage<\/li>\n<\/ul>\n\n  <div class=\"ibo-cta-center\">\n    <a class=\"ibo-cta ml-onclick-form\"\n       href=\"javascript:void(0)\"\n       onclick=\"ml('show', 'HhIQpJ', true); return false;\">\n       NEWSLETTER    <\/a>\n  <\/div>\n  \n\n<p>Tu peux te d\u00e9sabonner \u00e0 tout moment, en un clic.<\/p>\n\n<p><\/p>\n","protected":false},"excerpt":{"rendered":"<p>Reste au courant avec IBO GUIDE Tu veux voyager librement, authentiquement et sans stress ? Abonne-toi \u00e0 notre newsletter et re\u00e7ois des conseils \u00e9prouv\u00e9s pour voyager avec ton chien, partir en road trip en voiture, randonner et explorer des villes &hellip; <\/p>\n","protected":false},"author":1,"featured_media":0,"parent":0,"menu_order":0,"comment_status":"closed","ping_status":"closed","template":"","meta":{"_acf_changed":false,"_seopress_robots_primary_cat":"","_seopress_titles_title":"Voyager avec ou sans chien \u2022 La newsletter pleine de conseils pratiques \u2022 IBO GUIDE","_seopress_titles_desc":"Abonne-toi \u00e0 notre newsletter d\u00e9di\u00e9e aux voyages avec ou sans chien. Retours d\u2019exp\u00e9rience concrets, road trips, randonn\u00e9e, formalit\u00e9s et conseils pratiques pour planifier tes voyages.","_seopress_robots_index":"","_seopress_analysis_target_kw":"","footnotes":""},"class_list":["post-4507","page","type-page","status-publish","hentry","latest_post"],"acf":[],"_links":{"self":[{"href":"https:\/\/www.ibo.guide\/fr\/wp-json\/wp\/v2\/pages\/4507","targetHints":{"allow":["GET"]}}],"collection":[{"href":"https:\/\/www.ibo.guide\/fr\/wp-json\/wp\/v2\/pages"}],"about":[{"href":"https:\/\/www.ibo.guide\/fr\/wp-json\/wp\/v2\/types\/page"}],"author":[{"embeddable":true,"href":"https:\/\/www.ibo.guide\/fr\/wp-json\/wp\/v2\/users\/1"}],"replies":[{"embeddable":true,"href":"https:\/\/www.ibo.guide\/fr\/wp-json\/wp\/v2\/comments?post=4507"}],"version-history":[{"count":1,"href":"https:\/\/www.ibo.guide\/fr\/wp-json\/wp\/v2\/pages\/4507\/revisions"}],"predecessor-version":[{"id":4509,"href":"https:\/\/www.ibo.guide\/fr\/wp-json\/wp\/v2\/pages\/4507\/revisions\/4509"}],"wp:attachment":[{"href":"https:\/\/www.ibo.guide\/fr\/wp-json\/wp\/v2\/media?parent=4507"}],"curies":[{"name":"wp","href":"https:\/\/api.w.org\/{rel}","templated":true}]}}