{"id":4502,"date":"2025-07-14T21:13:31","date_gmt":"2025-07-14T19:13:31","guid":{"rendered":"https:\/\/www.ibo.guide\/a-propos\/"},"modified":"2026-05-10T20:37:13","modified_gmt":"2026-05-10T18:37:13","slug":"a-propos","status":"publish","type":"page","link":"https:\/\/www.ibo.guide\/fr\/a-propos\/","title":{"rendered":"\u00c0 propos"},"content":{"rendered":"\n<p class=\"has-text-align-left\">Se r\u00e9sumer en quelques phrases n\u2019est pas si simple, mais allons-y\u2026<\/p>\n\n<figure class=\"wp-block-image size-full\"><img alt=\"\" loading=\"lazy\" decoding=\"async\" width=\"1024\" height=\"769\" src=\"https:\/\/www.ibo.guide\/wp-content\/uploads\/2026\/02\/62525514-d7b4-4a18-a44d-49b12b6dd517.jpg\" alt=\"\" class=\"wp-image-1231\" srcset=\"https:\/\/www.ibo.guide\/wp-content\/uploads\/2026\/02\/62525514-d7b4-4a18-a44d-49b12b6dd517.jpg 1024w, https:\/\/www.ibo.guide\/wp-content\/uploads\/2026\/02\/62525514-d7b4-4a18-a44d-49b12b6dd517-300x225.jpg 300w, https:\/\/www.ibo.guide\/wp-content\/uploads\/2026\/02\/62525514-d7b4-4a18-a44d-49b12b6dd517-768x577.jpg 768w, https:\/\/www.ibo.guide\/wp-content\/uploads\/2026\/02\/62525514-d7b4-4a18-a44d-49b12b6dd517-80x60.jpg 80w\" sizes=\"auto, (max-width: 1024px) 100vw, 1024px\" \/><\/figure>\n\n<p>Deux ex-cadres pass\u00e9s par le burn-out, rapproch\u00e9s par le d\u00e9but du Covid. Boris r\u00e9alisait un r\u00eave\u202f: il venait d\u2019acheter un restaurant dans le centre de Bratislava. Moi, j\u2019\u00e9tais entre deux boulots, de retour d\u2019un ashram en Inde, \u00e0 r\u00e9fl\u00e9chir \u00e0 la suite. Nous avions tous deux pas mal voyag\u00e9, chacun \u00e0 sa mani\u00e8re \u2014 Boris en mode aventure, plong\u00e9e et ski extr\u00eame\u202f; moi, plus pos\u00e9ment, avec le yoga. Le Covid nous a certes coup\u00e9 les ailes, mais on n\u2019a pas l\u00e2ch\u00e9. Pendant cette p\u00e9riode, gr\u00e2ce \u00e0 Boris, j\u2019ai d\u00e9couvert les montagnes slovaques et, d\u00e8s qu\u2019il a \u00e9t\u00e9 \u00e0 nouveau possible de franchir les fronti\u00e8res, on a refait nos valises.<\/p>\n\n<figure class=\"wp-block-image size-full\"><img alt=\"\" loading=\"lazy\" decoding=\"async\" width=\"1024\" height=\"768\" src=\"https:\/\/www.ibo.guide\/wp-content\/uploads\/2026\/02\/e91013f1-e822-495a-8fa2-ad346be56e64.jpg\" alt=\"\" class=\"wp-image-1230\" srcset=\"https:\/\/www.ibo.guide\/wp-content\/uploads\/2026\/02\/e91013f1-e822-495a-8fa2-ad346be56e64.jpg 1024w, https:\/\/www.ibo.guide\/wp-content\/uploads\/2026\/02\/e91013f1-e822-495a-8fa2-ad346be56e64-300x225.jpg 300w, https:\/\/www.ibo.guide\/wp-content\/uploads\/2026\/02\/e91013f1-e822-495a-8fa2-ad346be56e64-768x576.jpg 768w, https:\/\/www.ibo.guide\/wp-content\/uploads\/2026\/02\/e91013f1-e822-495a-8fa2-ad346be56e64-80x60.jpg 80w\" sizes=\"auto, (max-width: 1024px) 100vw, 1024px\" \/><\/figure>\n\n<p>Notre premier grand voyage nous a men\u00e9s en \u00c9quateur, au Panama, au Paraguay et au Br\u00e9sil \u2014 c\u2019est l\u00e0 qu\u2019a commenc\u00e9 notre histoire d\u2019amour avec l\u2019Am\u00e9rique du Sud, et elle dure encore\u2026<\/p>\n\n<p>Et IBO, notre fox-terrier, dans tout \u00e7a\u202f? J\u2019ai toujours voulu un chien \u2014 dans mes r\u00eaves, c\u2019\u00e9tait un braque hongrois. Dans la famille de Boris, on a des fox-terriers depuis des g\u00e9n\u00e9rations. Pendant le Covid, on gardait souvent Dashi, la chienne de sa m\u00e8re, qui a parcouru avec nous un bon bout des montagnes slovaques. Peu \u00e0 peu, et gr\u00e2ce au t\u00e9l\u00e9travail, j\u2019ai compris que c\u2019\u00e9tait le moment id\u00e9al pour adopter. C\u2019est ainsi qu\u2019IBO est arriv\u00e9 (presque un braque, mais 100 % fox). Le jour o\u00f9 je suis all\u00e9e voir la port\u00e9e, il s\u2019est aussit\u00f4t accroch\u00e9 \u00e0 moi, sans me l\u00e2cher \u2014 d\u00e9cision prise\u2026 Avec son caract\u00e8re typiquement \u00ab\u202ffoxy\u202f\u00bb, il nous compl\u00e8te \u00e0 merveille et on ne l\u2019\u00e9changerait pour rien au monde. C\u2019est notre compagnon de vie et de voyage. \ud83d\udc3e<\/p>\n<div class=\"wp-block-image\">\n<figure class=\"aligncenter size-large\"><img alt=\"\" loading=\"lazy\" decoding=\"async\" width=\"683\" height=\"1024\" src=\"https:\/\/www.ibo.guide\/wp-content\/uploads\/2026\/01\/RADM5060-683x1024.jpg\" alt=\"\" class=\"wp-image-483\" srcset=\"https:\/\/www.ibo.guide\/wp-content\/uploads\/2026\/01\/RADM5060-683x1024.jpg 683w, https:\/\/www.ibo.guide\/wp-content\/uploads\/2026\/01\/RADM5060-200x300.jpg 200w, https:\/\/www.ibo.guide\/wp-content\/uploads\/2026\/01\/RADM5060-768x1152.jpg 768w, https:\/\/www.ibo.guide\/wp-content\/uploads\/2026\/01\/RADM5060-1024x1536.jpg 1024w, https:\/\/www.ibo.guide\/wp-content\/uploads\/2026\/01\/RADM5060.jpg 1333w, https:\/\/www.ibo.guide\/wp-content\/uploads\/2026\/01\/RADM5060-40x60.jpg 40w\" sizes=\"auto, (max-width: 683px) 100vw, 683px\" \/><\/figure>\n<\/div>\n<p class=\"has-text-align-left\">Depuis tout petit, il voyage avec nous presque partout. Nous ne le laissions \u00e0 la maison que lorsque nous prenions l\u2019avion. La s\u00e9paration \u00e9tait toujours difficile \u2014 \u00e0 se demander sans fin comment il allait, ce qu\u2019il faisait, si on lui manquait\u2026 Alors on a dit stop. Notre fa\u00e7on de voyager est devenue claire\u202f: il viendra partout avec nous, y compris en avion. Et \u00e7a a \u00e9t\u00e9 l\u2019une de nos meilleures d\u00e9cisions \ud83d\ude42.<\/p>\n\n<figure class=\"wp-block-gallery has-nested-images columns-default is-cropped wp-block-gallery-1 is-layout-flex wp-block-gallery-is-layout-flex\">\n<figure class=\"wp-block-image size-large\"><img alt=\"\" loading=\"lazy\" decoding=\"async\" width=\"682\" height=\"1024\" data-id=\"1232\" src=\"https:\/\/www.ibo.guide\/wp-content\/uploads\/2026\/02\/22759697-59f0-433d-b783-5b21b0acec2c-682x1024.jpg\" alt=\"\" class=\"wp-image-1232\" srcset=\"https:\/\/www.ibo.guide\/wp-content\/uploads\/2026\/02\/22759697-59f0-433d-b783-5b21b0acec2c-682x1024.jpg 682w, https:\/\/www.ibo.guide\/wp-content\/uploads\/2026\/02\/22759697-59f0-433d-b783-5b21b0acec2c-200x300.jpg 200w, https:\/\/www.ibo.guide\/wp-content\/uploads\/2026\/02\/22759697-59f0-433d-b783-5b21b0acec2c-768x1153.jpg 768w, https:\/\/www.ibo.guide\/wp-content\/uploads\/2026\/02\/22759697-59f0-433d-b783-5b21b0acec2c-1023x1536.jpg 1023w, https:\/\/www.ibo.guide\/wp-content\/uploads\/2026\/02\/22759697-59f0-433d-b783-5b21b0acec2c-40x60.jpg 40w, https:\/\/www.ibo.guide\/wp-content\/uploads\/2026\/02\/22759697-59f0-433d-b783-5b21b0acec2c.jpg 1066w\" sizes=\"auto, (max-width: 682px) 100vw, 682px\" \/><\/figure>\n\n\n\n<figure class=\"wp-block-image size-large\"><img alt=\"\" loading=\"lazy\" decoding=\"async\" width=\"768\" height=\"1024\" data-id=\"1233\" src=\"https:\/\/www.ibo.guide\/wp-content\/uploads\/2026\/02\/IMG_3408-768x1024.jpeg\" alt=\"\" class=\"wp-image-1233\" srcset=\"https:\/\/www.ibo.guide\/wp-content\/uploads\/2026\/02\/IMG_3408-768x1024.jpeg 768w, https:\/\/www.ibo.guide\/wp-content\/uploads\/2026\/02\/IMG_3408-225x300.jpeg 225w, https:\/\/www.ibo.guide\/wp-content\/uploads\/2026\/02\/IMG_3408-1152x1536.jpeg 1152w, https:\/\/www.ibo.guide\/wp-content\/uploads\/2026\/02\/IMG_3408-scaled.jpeg 1500w, https:\/\/www.ibo.guide\/wp-content\/uploads\/2026\/02\/IMG_3408-45x60.jpeg 45w\" sizes=\"auto, (max-width: 768px) 100vw, 768px\" \/><\/figure>\n\n\n\n<figure class=\"wp-block-image size-large\"><img alt=\"\" loading=\"lazy\" decoding=\"async\" width=\"768\" height=\"1024\" data-id=\"1235\" src=\"https:\/\/www.ibo.guide\/wp-content\/uploads\/2026\/02\/IMG_8813-768x1024.jpeg\" alt=\"\" class=\"wp-image-1235\" srcset=\"https:\/\/www.ibo.guide\/wp-content\/uploads\/2026\/02\/IMG_8813-768x1024.jpeg 768w, https:\/\/www.ibo.guide\/wp-content\/uploads\/2026\/02\/IMG_8813-225x300.jpeg 225w, https:\/\/www.ibo.guide\/wp-content\/uploads\/2026\/02\/IMG_8813-1152x1536.jpeg 1152w, https:\/\/www.ibo.guide\/wp-content\/uploads\/2026\/02\/IMG_8813-scaled.jpeg 1500w, https:\/\/www.ibo.guide\/wp-content\/uploads\/2026\/02\/IMG_8813-45x60.jpeg 45w\" sizes=\"auto, (max-width: 768px) 100vw, 768px\" \/><\/figure>\n<\/figure>\n","protected":false},"excerpt":{"rendered":"<p>Se r\u00e9sumer en quelques phrases n\u2019est pas si simple, mais allons-y\u2026 Deux ex-cadres pass\u00e9s par le burn-out, rapproch\u00e9s par le d\u00e9but du Covid. Boris r\u00e9alisait un r\u00eave\u202f: il venait d\u2019acheter un restaurant dans le centre de Bratislava. Moi, j\u2019\u00e9tais entre &hellip; <\/p>\n","protected":false},"author":1,"featured_media":0,"parent":0,"menu_order":0,"comment_status":"closed","ping_status":"closed","template":"","meta":{"_acf_changed":false,"_seopress_robots_primary_cat":"","_seopress_titles_title":"\u00c0 propos\u202f: notre histoire et nos voyages avec le fox-terrier IBO \u2022 IBO GUIDE","_seopress_titles_desc":"Nous sommes deux ex-cadres que le voyage et un fox-terrier nomm\u00e9 IBO ont r\u00e9unis. Amoureux de l\u2019Am\u00e9rique du Sud, nous partons partout ensemble \u2014 d\u00e9sormais aussi en avion.","_seopress_robots_index":"","_seopress_analysis_target_kw":"","footnotes":""},"class_list":["post-4502","page","type-page","status-publish","hentry","latest_post"],"acf":[],"_links":{"self":[{"href":"https:\/\/www.ibo.guide\/fr\/wp-json\/wp\/v2\/pages\/4502","targetHints":{"allow":["GET"]}}],"collection":[{"href":"https:\/\/www.ibo.guide\/fr\/wp-json\/wp\/v2\/pages"}],"about":[{"href":"https:\/\/www.ibo.guide\/fr\/wp-json\/wp\/v2\/types\/page"}],"author":[{"embeddable":true,"href":"https:\/\/www.ibo.guide\/fr\/wp-json\/wp\/v2\/users\/1"}],"replies":[{"embeddable":true,"href":"https:\/\/www.ibo.guide\/fr\/wp-json\/wp\/v2\/comments?post=4502"}],"version-history":[{"count":2,"href":"https:\/\/www.ibo.guide\/fr\/wp-json\/wp\/v2\/pages\/4502\/revisions"}],"predecessor-version":[{"id":5260,"href":"https:\/\/www.ibo.guide\/fr\/wp-json\/wp\/v2\/pages\/4502\/revisions\/5260"}],"wp:attachment":[{"href":"https:\/\/www.ibo.guide\/fr\/wp-json\/wp\/v2\/media?parent=4502"}],"curies":[{"name":"wp","href":"https:\/\/api.w.org\/{rel}","templated":true}]}}