{"id":4500,"date":"2026-01-14T17:00:27","date_gmt":"2026-01-14T16:00:27","guid":{"rendered":"https:\/\/www.ibo.guide\/notre-empreinte\/"},"modified":"2026-05-02T15:53:28","modified_gmt":"2026-05-02T13:53:28","slug":"notre-empreinte","status":"publish","type":"page","link":"https:\/\/www.ibo.guide\/fr\/notre-empreinte\/","title":{"rendered":"Notre empreinte"},"content":{"rendered":"\n<p>Pour nous, le voyage ne s\u2019arr\u00eate pas \u00e0 la derni\u00e8re photo du s\u00e9jour. Sur cette page, vous trouverez des articles, des entretiens et des podcasts o\u00f9 l\u2019on raconte notre histoire, ainsi qu\u2019un aper\u00e7u des \u00e9v\u00e9nements et festivals auxquels nous avons particip\u00e9 ou participerons. Une petite carte des traces que nous laissons, en voyage \u2014 et au-del\u00e0.<\/p>\n\n<h2 class=\"wp-block-heading\">Entretien avec Dobrodruh.sk<\/h2>\n<div class=\"wp-block-image\">\n<figure class=\"alignleft size-full is-resized\"><img alt=\"\" loading=\"lazy\" decoding=\"async\" width=\"184\" height=\"184\" src=\"https:\/\/www.ibo.guide\/wp-content\/uploads\/2026\/05\/dobrodruh.sk-staci_len_vyrazit.jpg\" alt=\"\" class=\"wp-image-4459\" style=\"width:120px\" srcset=\"https:\/\/www.ibo.guide\/wp-content\/uploads\/2026\/05\/dobrodruh.sk-staci_len_vyrazit.jpg 184w, https:\/\/www.ibo.guide\/wp-content\/uploads\/2026\/05\/dobrodruh.sk-staci_len_vyrazit-150x150.jpg 150w, https:\/\/www.ibo.guide\/wp-content\/uploads\/2026\/05\/dobrodruh.sk-staci_len_vyrazit-60x60.jpg 60w, https:\/\/www.ibo.guide\/wp-content\/uploads\/2026\/05\/dobrodruh.sk-staci_len_vyrazit-120x120.jpg 120w\" sizes=\"auto, (max-width: 184px) 100vw, 184px\" \/><\/figure>\n<\/div>\n<p>Le portail slovaque <a href=\"https:\/\/dobrodruh.sk\/\">Dobrodruh.sk<\/a> r\u00e9unit des personnes unies par le voyage, les exp\u00e9riences et le partage de leurs propres p\u00e9riples \u2014 nous \u00e9tions d\u2019autant plus ravis lorsqu\u2019ils nous ont propos\u00e9 un entretien. Cette fois, nous sommes all\u00e9s dans le concret\u00a0: ce qui peut coincer, o\u00f9 naissent les probl\u00e8mes et, en pratique, ce qui fait qu\u2019avec un chien on vous laisse \u2014 ou non \u2014 franchir la fronti\u00e8re. On parle aussi des diff\u00e9rences entre les pays et de ces moments o\u00f9 avoir tous les papiers ne suffit pas\u00a0: il faut aussi comprendre ce qu\u2019on fait. Nous \u00e9voquons \u00e9galement notre outil <a href=\"https:\/\/www.ibo.guide\/fr\/bordercooler\/\" data-type=\"page\" data-id=\"4338\">BorderCooler\u00ae<\/a>, n\u00e9 de ces exp\u00e9riences, qui aide \u00e0 s\u2019orienter parmi les conditions de voyage avec un chien d\u2019un pays \u00e0 l\u2019autre.<\/p>\n\n<p>Lien vers l\u2019article complet\u00a0: <a href=\"https:\/\/dobrodruh.sk\/clanok\/cestovanie-so-psom-skusenosti-z-praxe-chyby-tipy-od-ibo-guide\">Voyager avec un chien\u00a0: retours d\u2019exp\u00e9rience, erreurs et conseils d\u2019IBO GUIDE<\/a><\/p>\n\n<h2 class=\"wp-block-heading\">Dans le podcast Na kraj sveta<\/h2>\n<div class=\"wp-block-image\">\n<figure class=\"alignleft size-full is-resized\"><img alt=\"\" loading=\"lazy\" decoding=\"async\" width=\"300\" height=\"300\" src=\"https:\/\/www.ibo.guide\/wp-content\/uploads\/2026\/04\/600x600bb-852-300x300-1.jpg\" alt=\"\" class=\"wp-image-4323\" style=\"width:120px\" srcset=\"https:\/\/www.ibo.guide\/wp-content\/uploads\/2026\/04\/600x600bb-852-300x300-1.jpg 300w, https:\/\/www.ibo.guide\/wp-content\/uploads\/2026\/04\/600x600bb-852-300x300-1-150x150.jpg 150w, https:\/\/www.ibo.guide\/wp-content\/uploads\/2026\/04\/600x600bb-852-300x300-1-60x60.jpg 60w, https:\/\/www.ibo.guide\/wp-content\/uploads\/2026\/04\/600x600bb-852-300x300-1-120x120.jpg 120w\" sizes=\"auto, (max-width: 300px) 100vw, 300px\" \/><\/figure>\n<\/div>\n<p>Nous avons de nouveau accept\u00e9 l\u2019invitation du populaire podcast de voyage <em>Na kraj sveta<\/em> sur la radio slovaque R\u00e1dio Melody, o\u00f9, avec l\u2019animateur Karol Navrkal, nous avons abord\u00e9 le th\u00e8me du voyage avec un chien. Dans cet \u00e9change, nous partageons nos exp\u00e9riences de terrain, des conseils pratiques et des situations concr\u00e8tes pour vous aider \u00e0 mieux pr\u00e9parer vos propres aventures \u2014 avec ou sans chien.<\/p>\n\n<p>Premi\u00e8re partie\u00a0: <a href=\"https:\/\/open.spotify.com\/episode\/4uqf58ZwtdrmNQ4xwqbPNq?si=71361fe781574d11\">Comment g\u00e9rer l\u2019Am\u00e9rique du Sud et l\u2019altitude avec un chien<\/a><\/p>\n\n<h2 class=\"wp-block-heading\">Entretien avec Startitup<\/h2>\n<div class=\"wp-block-image\">\n<figure class=\"alignleft size-large is-resized\"><img alt=\"\" loading=\"lazy\" decoding=\"async\" width=\"1024\" height=\"976\" src=\"https:\/\/www.ibo.guide\/wp-content\/uploads\/2026\/02\/347428559_672263318053440_2514116061998978257_n-1024x976.jpg\" alt=\"\" class=\"wp-image-1357\" style=\"width:120px\" srcset=\"https:\/\/www.ibo.guide\/wp-content\/uploads\/2026\/02\/347428559_672263318053440_2514116061998978257_n-1024x976.jpg 1024w, https:\/\/www.ibo.guide\/wp-content\/uploads\/2026\/02\/347428559_672263318053440_2514116061998978257_n-300x286.jpg 300w, https:\/\/www.ibo.guide\/wp-content\/uploads\/2026\/02\/347428559_672263318053440_2514116061998978257_n-768x732.jpg 768w, https:\/\/www.ibo.guide\/wp-content\/uploads\/2026\/02\/347428559_672263318053440_2514116061998978257_n-63x60.jpg 63w, https:\/\/www.ibo.guide\/wp-content\/uploads\/2026\/02\/347428559_672263318053440_2514116061998978257_n.jpg 1267w\" sizes=\"auto, (max-width: 1024px) 100vw, 1024px\" \/><\/figure>\n<\/div>\n<p>Startitup.sk, l\u2019un des m\u00e9dias en ligne les plus lus et les plus influents en Slovaquie, d\u00e9di\u00e9 \u00e0 l\u2019entrepreneuriat, \u00e0 l\u2019innovation et aux histoires inspirantes, a publi\u00e9 un entretien sur notre projet. Boris y raconte la naissance du portail et nos voyages autour du monde avec notre chien Ibo. L\u2019article montre comment une passion personnelle s\u2019est transform\u00e9e en un projet d\u00e9di\u00e9 au voyage authentique et au partage d\u2019exp\u00e9riences concr\u00e8tes sur les voyages avec un chien.<\/p>\n\n<p>Lien vers l\u2019article complet\u00a0: <a href=\"https:\/\/www.startitup.sk\/?p=1170840&amp;siu_unlock_paywall=1&amp;_sup_nonce=202ac5c2e2\">Il a quitt\u00e9 l\u2019entrepreneuriat \u00e0 Bratislava pour voyager autour du monde avec son chien. Il explique aux Slovaques comment y parvenir pour quelques euros et sans tracas<\/a><\/p>\n\n<h2 class=\"wp-block-heading\">Dans le podcast Zveromachri<\/h2>\n<div class=\"wp-block-image\">\n<figure class=\"alignleft size-large is-resized\"><img alt=\"\" loading=\"lazy\" decoding=\"async\" width=\"1024\" height=\"1024\" src=\"https:\/\/www.ibo.guide\/wp-content\/uploads\/2026\/01\/zveromachriart-1024x1024.jpg\" alt=\"\" class=\"wp-image-527\" style=\"width:120px\" srcset=\"https:\/\/www.ibo.guide\/wp-content\/uploads\/2026\/01\/zveromachriart-1024x1024.jpg 1024w, https:\/\/www.ibo.guide\/wp-content\/uploads\/2026\/01\/zveromachriart-300x300.jpg 300w, https:\/\/www.ibo.guide\/wp-content\/uploads\/2026\/01\/zveromachriart-150x150.jpg 150w, https:\/\/www.ibo.guide\/wp-content\/uploads\/2026\/01\/zveromachriart-768x768.jpg 768w, https:\/\/www.ibo.guide\/wp-content\/uploads\/2026\/01\/zveromachriart-1536x1536.jpg 1536w, https:\/\/www.ibo.guide\/wp-content\/uploads\/2026\/01\/zveromachriart-60x60.jpg 60w, https:\/\/www.ibo.guide\/wp-content\/uploads\/2026\/01\/zveromachriart.jpg 1800w\" sizes=\"auto, (max-width: 1024px) 100vw, 1024px\" \/><\/figure>\n<\/div>\n<p><strong>Zveromachri<\/strong> est un podcast slovaque populaire o\u00f9 des v\u00e9t\u00e9rinaires (souvent surnomm\u00e9s \u00ab\u00a0Zveromachri\u00a0\u00bb) racontent leurs exp\u00e9riences de terrain, parlent des soins aux animaux, des moments difficiles et des anecdotes dr\u00f4les, le tout dans un esprit d\u00e9contract\u00e9 et avec humour. Il est produit par la plateforme ZAPO. Il allait de soi que nos exp\u00e9riences de voyage y aient leur place.<\/p>\n\n<p>Premi\u00e8re partie\u00a0: <a href=\"https:\/\/open.spotify.com\/episode\/4uqf58ZwtdrmNQ4xwqbPNq?si=71361fe781574d11\">Prendre l\u2019avion autour du monde avec son chien<\/a><br\/>Deuxi\u00e8me partie\u00a0: <a href=\"https:\/\/open.spotify.com\/episode\/17kGL5J07HoW1zP8JGHhQB?si=Gp583uRTRHWZR1cCXjjONA\">Expert en caca par-dessus la cl\u00f4ture<\/a><\/p>\n","protected":false},"excerpt":{"rendered":"<p>Pour nous, le voyage ne s\u2019arr\u00eate pas \u00e0 la derni\u00e8re photo du s\u00e9jour. Sur cette page, vous trouverez des articles, des entretiens et des podcasts o\u00f9 l\u2019on raconte notre histoire, ainsi qu\u2019un aper\u00e7u des \u00e9v\u00e9nements et festivals auxquels nous avons &hellip; <\/p>\n","protected":false},"author":1,"featured_media":0,"parent":0,"menu_order":0,"comment_status":"closed","ping_status":"closed","template":"","meta":{"_acf_changed":false,"_seopress_robots_primary_cat":"","_seopress_titles_title":"Notre empreinte : m\u00e9dias, entretiens, podcasts et \u00e9v\u00e9nements \u2022 IBO GUIDE","_seopress_titles_desc":"Articles, entretiens et podcasts sur notre histoire (Startitup, Zveromachri), et un aper\u00e7u des \u00e9v\u00e9nements et festivals auxquels nous prenons part \u2014 et o\u00f9 nous rencontrer.","_seopress_robots_index":"","_seopress_analysis_target_kw":"","footnotes":""},"class_list":["post-4500","page","type-page","status-publish","hentry","latest_post"],"acf":[],"_links":{"self":[{"href":"https:\/\/www.ibo.guide\/fr\/wp-json\/wp\/v2\/pages\/4500","targetHints":{"allow":["GET"]}}],"collection":[{"href":"https:\/\/www.ibo.guide\/fr\/wp-json\/wp\/v2\/pages"}],"about":[{"href":"https:\/\/www.ibo.guide\/fr\/wp-json\/wp\/v2\/types\/page"}],"author":[{"embeddable":true,"href":"https:\/\/www.ibo.guide\/fr\/wp-json\/wp\/v2\/users\/1"}],"replies":[{"embeddable":true,"href":"https:\/\/www.ibo.guide\/fr\/wp-json\/wp\/v2\/comments?post=4500"}],"version-history":[{"count":1,"href":"https:\/\/www.ibo.guide\/fr\/wp-json\/wp\/v2\/pages\/4500\/revisions"}],"predecessor-version":[{"id":4501,"href":"https:\/\/www.ibo.guide\/fr\/wp-json\/wp\/v2\/pages\/4500\/revisions\/4501"}],"wp:attachment":[{"href":"https:\/\/www.ibo.guide\/fr\/wp-json\/wp\/v2\/media?parent=4500"}],"curies":[{"name":"wp","href":"https:\/\/api.w.org\/{rel}","templated":true}]}}