{"id":4495,"date":"2025-12-28T11:19:40","date_gmt":"2025-12-28T10:19:40","guid":{"rendered":"https:\/\/www.ibo.guide\/pays\/"},"modified":"2026-05-02T15:53:28","modified_gmt":"2026-05-02T13:53:28","slug":"pays","status":"publish","type":"page","link":"https:\/\/www.ibo.guide\/fr\/pays\/","title":{"rendered":"Pays"},"content":{"rendered":"<div class=\"map_wrapper\" id=\"map_wrapper_1091\">\n<div class=\"map_box\" style=\"max-width:2000px\">\n<div class=\"map_aspect_ratio\" style=\"padding-top:56%\" data-padding-top=\"56%\" data-padding-top-mobile=\"0%\">\n<div class=\"map_container\">\n<div class=\"map_render map_loading\" id=\"map_1091\"><\/div>\n<\/div>\n<\/div>\n<\/div>\n<\/div>\n\n<p>Vous trouverez ici la liste des pays que nous avons d\u00e9couverts au fil de nos voyages \u2014 certains \u00e0 fond, d\u2019autres juste pour un avant-go\u00fbt. Pour certains, nous n\u2019avons eu le temps que d\u2019un ou deux endroits; d\u2019autres, au contraire, nous les avons sillonn\u00e9s de long en large. Et bien s\u00fbr, il y a aussi des destinations que nous avons explor\u00e9es avec notre chien.<\/p>\n\n<h2 class=\"wp-block-heading\">Europe<\/h2>\n<div class=\"map_wrapper\" id=\"map_wrapper_1212\">\n<div class=\"map_box\" style=\"max-width:2000px\">\n<div class=\"map_aspect_ratio\" style=\"padding-top:56%\" data-padding-top=\"56%\" data-padding-top-mobile=\"0%\">\n<div class=\"map_container\">\n<div class=\"map_render map_loading\" id=\"map_1212\"><\/div>\n<\/div>\n<\/div>\n<\/div>\n<\/div>\n\n<p><a href=\"https:\/\/www.ibo.guide\/category\/destinacie\/europa\/albansko\/\">Albanie<\/a>, Arm\u00e9nie, Belgique, <a href=\"https:\/\/www.ibo.guide\/category\/destinacie\/europa\/bosna-a-hercegovina\/\">Bosnie-Herz\u00e9govine<\/a>, <a href=\"https:\/\/www.ibo.guide\/category\/destinacie\/europa\/ceska-republika\/\" data-type=\"category\" data-id=\"64\">R\u00e9publique tch\u00e8que<\/a>, <a href=\"https:\/\/www.ibo.guide\/category\/destinacie\/europa\/cierna-hora\/\">Mont\u00e9n\u00e9gro<\/a>, Danemark, <a href=\"https:\/\/www.ibo.guide\/category\/destinacie\/europa\/estonsko\/\" data-type=\"category\" data-id=\"63\">Estonie<\/a>, <a href=\"https:\/\/www.ibo.guide\/category\/destinacie\/europa\/finsko\/\">Finlande<\/a>, <a href=\"https:\/\/www.ibo.guide\/category\/destinacie\/europa\/francuzsko\/\" data-type=\"category\" data-id=\"72\">France<\/a>, Gr\u00e8ce, G\u00e9orgie, Pays-Bas, <a href=\"https:\/\/www.ibo.guide\/category\/destinacie\/europa\/chorvatsko\/\" data-type=\"category\" data-id=\"14\">Croatie<\/a>, Lituanie, Lettonie, Hongrie, Allemagne, <a href=\"https:\/\/www.ibo.guide\/category\/destinacie\/europa\/norsko\/\">Norv\u00e8ge<\/a>, <a href=\"https:\/\/www.ibo.guide\/category\/destinacie\/europa\/polsko\/\" data-type=\"category\" data-id=\"60\">Pologne<\/a>, Portugal, <a href=\"https:\/\/www.ibo.guide\/category\/destinacie\/europa\/rakusko\/\">Autriche<\/a>, Roumanie, Russie, Saint-Marin, <a href=\"https:\/\/www.ibo.guide\/category\/destinacie\/europa\/slovensko\/\">Slovaquie<\/a>, <a href=\"https:\/\/www.ibo.guide\/category\/destinacie\/europa\/slovinsko\/\">Slov\u00e9nie<\/a>, Royaume-Uni, Serbie, <a href=\"https:\/\/www.ibo.guide\/category\/destinacie\/europa\/spanielsko\/\" data-type=\"category\" data-id=\"18\">Espagne<\/a>, Suisse, <a href=\"https:\/\/www.ibo.guide\/category\/destinacie\/europa\/svedsko\/\">Su\u00e8de<\/a>, <a href=\"https:\/\/www.ibo.guide\/category\/destinacie\/europa\/taliansko\/\">Italie<\/a>, Ukraine, Vatican<\/p>\n\n<h2 class=\"wp-block-heading\">Asie<\/h2>\n<div class=\"map_wrapper\" id=\"map_wrapper_1214\">\n<div class=\"map_box\" style=\"max-width:2000px\">\n<div class=\"map_aspect_ratio\" style=\"padding-top:56%\" data-padding-top=\"56%\" data-padding-top-mobile=\"0%\">\n<div class=\"map_container\">\n<div class=\"map_render map_loading\" id=\"map_1214\"><\/div>\n<\/div>\n<\/div>\n<\/div>\n<\/div>\n\n<p>Chine, <a href=\"https:\/\/www.ibo.guide\/category\/destinacie\/azia\/hong-kong\/\" data-type=\"category\" data-id=\"66\">Hong Kong<\/a>, Philippines, Inde, Indon\u00e9sie, Isra\u00ebl, Japon, <a href=\"https:\/\/www.ibo.guide\/category\/destinacie\/azia\/jemen\/\" data-type=\"category\" data-id=\"43\">Y\u00e9men<\/a>, Cor\u00e9e du Sud, Liban, Malaisie, Singapour, <a href=\"https:\/\/www.ibo.guide\/category\/destinacie\/azia\/spojene-arabske-emiraty\/\">\u00c9mirats arabes unis<\/a>, <a href=\"https:\/\/www.ibo.guide\/category\/destinacie\/azia\/sri-lanka\/\">Sri Lanka<\/a>, Tha\u00eflande, Vietnam<\/p>\n\n<h2 class=\"wp-block-heading\">Australie et Oc\u00e9anie<\/h2>\n<div class=\"map_wrapper\" id=\"map_wrapper_1211\">\n<div class=\"map_box\" style=\"max-width:2000px\">\n<div class=\"map_aspect_ratio\" style=\"padding-top:56%\" data-padding-top=\"56%\" data-padding-top-mobile=\"0%\">\n<div class=\"map_container\">\n<div class=\"map_render map_loading\" id=\"map_1211\"><\/div>\n<\/div>\n<\/div>\n<\/div>\n<\/div>\n\n<p>Australie, Nouvelle-Z\u00e9lande, <a href=\"https:\/\/www.ibo.guide\/category\/destinacie\/oceania\/salamunove-ostrovy\/\">\u00celes Salomon<\/a><\/p>\n\n<h2 class=\"wp-block-heading\">Am\u00e9rique<\/h2>\n\n<div class=\"wp-block-columns is-layout-flex wp-container-core-columns-is-layout-9d6595d7 wp-block-columns-is-layout-flex\">\n<div class=\"wp-block-column is-layout-flow wp-block-column-is-layout-flow\"><div class=\"map_wrapper\" id=\"map_wrapper_1297\">\n<div class=\"map_box\" style=\"max-width:2000px\">\n<div class=\"map_aspect_ratio\" style=\"padding-top:56%\" data-padding-top=\"56%\" data-padding-top-mobile=\"0%\">\n<div class=\"map_container\">\n<div class=\"map_render map_loading\" id=\"map_1297\"><\/div>\n<\/div>\n<\/div>\n<\/div>\n<\/div>\n<\/div>\n\n\n\n<div class=\"wp-block-column is-layout-flow wp-block-column-is-layout-flow\"><div class=\"map_wrapper\" id=\"map_wrapper_1213\">\n<div class=\"map_box\" style=\"max-width:2000px\">\n<div class=\"map_aspect_ratio\" style=\"padding-top:56%\" data-padding-top=\"56%\" data-padding-top-mobile=\"0%\">\n<div class=\"map_container\">\n<div class=\"map_render map_loading\" id=\"map_1213\"><\/div>\n<\/div>\n<\/div>\n<\/div>\n<\/div>\n<\/div>\n<\/div>\n\n<p><a href=\"https:\/\/www.ibo.guide\/category\/destinacie\/amerika\/argentina\/\">Argentine<\/a>, <a href=\"https:\/\/www.ibo.guide\/category\/destinacie\/amerika\/bolivia\/\">Bolivie<\/a>, <a href=\"https:\/\/www.ibo.guide\/category\/destinacie\/amerika\/brazilia\/\">Br\u00e9sil<\/a>, <a href=\"https:\/\/www.ibo.guide\/category\/destinacie\/amerika\/cile\/\">Chili<\/a>, <a href=\"https:\/\/www.ibo.guide\/category\/destinacie\/amerika\/dominika\/\" data-type=\"category\" data-id=\"65\">Dominique<\/a>, <a href=\"https:\/\/www.ibo.guide\/category\/destinacie\/amerika\/ekvador\/\" data-type=\"link\" data-id=\"https:\/\/www.ibo.guide\/category\/destinacie\/amerika\/ekvador\/\">\u00c9quateur<\/a>, <a href=\"https:\/\/www.ibo.guide\/category\/destinacie\/amerika\/mexiko\/\" data-type=\"category\" data-id=\"71\">Mexique<\/a>, Panama, <a href=\"https:\/\/www.ibo.guide\/category\/destinacie\/amerika\/paraguaj\/\" data-type=\"category\" data-id=\"15\">Paraguay<\/a>, <a href=\"https:\/\/www.ibo.guide\/category\/destinacie\/amerika\/spojene-staty-americke\/\" data-type=\"category\" data-id=\"70\">\u00c9tats-Unis d\u2019Am\u00e9rique (USA)<\/a><\/p>\n\n<h2 class=\"wp-block-heading\">Afrique<\/h2>\n<div class=\"map_wrapper\" id=\"map_wrapper_1296\">\n<div class=\"map_box\" style=\"max-width:2000px\">\n<div class=\"map_aspect_ratio\" style=\"padding-top:56%\" data-padding-top=\"56%\" data-padding-top-mobile=\"0%\">\n<div class=\"map_container\">\n<div class=\"map_render map_loading\" id=\"map_1296\"><\/div>\n<\/div>\n<\/div>\n<\/div>\n<\/div>\n\n<p>\u00c9gypte, Afrique du Sud, Kenya, <a href=\"https:\/\/www.ibo.guide\/category\/destinacie\/afrika\/mozambik\/\" data-type=\"category\" data-id=\"69\">Mozambique<\/a>, Tanzanie<\/p>\n\n<p><\/p>\n","protected":false},"excerpt":{"rendered":"<p>Vous trouverez ici la liste des pays que nous avons d\u00e9couverts au fil de nos voyages \u2014 certains \u00e0 fond, d\u2019autres juste pour un avant-go\u00fbt. Pour certains, nous n\u2019avons eu le temps que d\u2019un ou deux endroits; d\u2019autres, au contraire, &hellip; <\/p>\n","protected":false},"author":1,"featured_media":0,"parent":0,"menu_order":0,"comment_status":"closed","ping_status":"closed","template":"","meta":{"_acf_changed":false,"_seopress_robots_primary_cat":"","_seopress_titles_title":"Les pays que nous avons d\u00e9couverts \u2013 aper\u00e7u par r\u00e9gion \u2022 IBO GUIDE","_seopress_titles_desc":"Aper\u00e7u des pays que nous avons d\u00e9couverts : Europe, Asie, Am\u00e9rique, Afrique et Oc\u00e9anie. Certains pour un simple avant-go\u00fbt, d\u2019autres en profondeur, parfois avec notre chien.","_seopress_robots_index":"","_seopress_analysis_target_kw":"","footnotes":""},"class_list":["post-4495","page","type-page","status-publish","hentry","latest_post"],"acf":[],"_links":{"self":[{"href":"https:\/\/www.ibo.guide\/fr\/wp-json\/wp\/v2\/pages\/4495","targetHints":{"allow":["GET"]}}],"collection":[{"href":"https:\/\/www.ibo.guide\/fr\/wp-json\/wp\/v2\/pages"}],"about":[{"href":"https:\/\/www.ibo.guide\/fr\/wp-json\/wp\/v2\/types\/page"}],"author":[{"embeddable":true,"href":"https:\/\/www.ibo.guide\/fr\/wp-json\/wp\/v2\/users\/1"}],"replies":[{"embeddable":true,"href":"https:\/\/www.ibo.guide\/fr\/wp-json\/wp\/v2\/comments?post=4495"}],"version-history":[{"count":1,"href":"https:\/\/www.ibo.guide\/fr\/wp-json\/wp\/v2\/pages\/4495\/revisions"}],"predecessor-version":[{"id":4499,"href":"https:\/\/www.ibo.guide\/fr\/wp-json\/wp\/v2\/pages\/4495\/revisions\/4499"}],"wp:attachment":[{"href":"https:\/\/www.ibo.guide\/fr\/wp-json\/wp\/v2\/media?parent=4495"}],"curies":[{"name":"wp","href":"https:\/\/api.w.org\/{rel}","templated":true}]}}