{"id":4493,"date":"2025-12-20T10:32:02","date_gmt":"2025-12-20T09:32:02","guid":{"rendered":"https:\/\/www.ibo.guide\/nos-services\/"},"modified":"2026-05-02T15:53:28","modified_gmt":"2026-05-02T13:53:28","slug":"nos-services","status":"publish","type":"page","link":"https:\/\/www.ibo.guide\/fr\/nos-services\/","title":{"rendered":"Nos services"},"content":{"rendered":"\n<h3 class=\"wp-block-heading\">Conseils g\u00e9n\u00e9raux pour vos voyages<\/h3>\n\n<p>Nous vous aidons \u00e0 y voir clair dans la pr\u00e9paration de vos voyages \u2014 du choix de la destination aux d\u00e9tails pratiques sur place. Nous partageons des retours d\u2019exp\u00e9rience concrets, des conseils \u00e9prouv\u00e9s et des recommandations qui vous feront gagner du temps, de l\u2019argent et vous \u00e9pargneront du stress.<\/p>\n\n<p>N\u2019ayez plus peur de vous lancer !<\/p>\n\n<hr class=\"wp-block-separator has-alpha-channel-opacity\"\/>\n\n<h3 class=\"wp-block-heading\"><strong>Conseils pour voyager avec son chien<\/strong><\/h3>\n\n<p>L\u2019un de nos domaines de sp\u00e9cialisation est le conseil pour voyager avec un chien \u2014 au sein de l\u2019Union europ\u00e9enne comme au-del\u00e0. Nous vous indiquons quels documents et exigences v\u00e9t\u00e9rinaires sont n\u00e9cessaires, \u00e0 quoi faire attention au passage des fronti\u00e8res et comment pr\u00e9parer votre chien au voyage.<\/p>\n\n<p>Nous vous expliquons les options pour chaque mode de transport \u2014 voiture, train, bateau ou avion. Forts de notre exp\u00e9rience de terrain, nous recommandons des solutions qui garantissent la s\u00e9curit\u00e9, le confort et le bien-\u00eatre de votre chien tout au long du trajet.<\/p>\n\n<p>Avec nous, votre compagnon vous suivra partout o\u00f9 c\u2019est possible\u2026 et peut-\u00eatre m\u00eame un peu plus loin.<\/p>\n\n<hr class=\"wp-block-separator has-alpha-channel-opacity\"\/>\n\n<h3 class=\"wp-block-heading\">Conception d\u2019itin\u00e9raires sur mesure<\/h3>\n\n<p>Nous \u00e9laborons pour vous un plan de voyage (itin\u00e9raire) sur mesure \u2014 adapt\u00e9 \u00e0 vos besoins, \u00e0 votre rythme et \u00e0 votre style de vacances. Nous pr\u00e9voyons des d\u00e9placements optimis\u00e9s, une logistique soign\u00e9e et un planning clair.<\/p>\n\n<p>L\u2019itin\u00e9raire inclut des lieux, des services et des activit\u00e9s recommand\u00e9s, tir\u00e9s de notre exp\u00e9rience du terrain. Pas de listes g\u00e9n\u00e9riques : chaque itin\u00e9raire est pens\u00e9 pour votre confort, vos d\u00e9couvertes et la fluidit\u00e9 de votre voyage.<\/p>\n\n<p>Lorsque la destination s\u2019y pr\u00eate, nous pr\u00e9parons aussi un \u00ab plan B \u00bb, pour vous permettre d\u2019ajuster votre s\u00e9jour selon l\u2019humeur du moment ou la m\u00e9t\u00e9o.<\/p>\n\n<p>Vous voyagez, nous planifions.<\/p>\n\n<hr class=\"wp-block-separator has-alpha-channel-opacity\"\/>\n\n<h3 class=\"wp-block-heading\">Un accompagnement complet pour vos voyages<\/h3>\n\n<p>De la pr\u00e9paration aux exp\u00e9riences sur place, en passant par la gestion des impr\u00e9vus, jusqu\u2019au retour \u00e0 la maison \u2014 nous sommes \u00e0 vos c\u00f4t\u00e9s tout au long du voyage. Nous vous sugg\u00e9rons des h\u00e9bergements, des services et des exp\u00e9riences locales qui valent le d\u00e9tour. En cas d\u2019impr\u00e9vu, vous pouvez compter sur nous. Nous vous aidons aussi lors des longs trajets ou en cas de changement de programme.<\/p>\n\n<p>Avec nous, vous ne voyagez pas seul.<\/p>\n\n<hr class=\"wp-block-separator has-alpha-channel-opacity\"\/>\n\n<h3 class=\"wp-block-heading\">Accompagnement en voyage<\/h3>\n\n<p>Nos aventures vous inspirent et vous aimeriez les vivre, mais vous n\u2019osez pas vous lancer seul ? Rejoignez-nous et partez vers les destinations de votre choix.<\/p>\n\n<p>L\u2019accompagnement convient aux voyageurs solo comme aux petits groupes, aux moins exp\u00e9riment\u00e9s comme \u00e0 ceux qui veulent partir en toute s\u00e9curit\u00e9, sans stress et sans voyage organis\u00e9.<\/p>\n\n<p>Vous voyagez avec des compagnons de route, pas avec une agence de voyages.<\/p>\n","protected":false},"excerpt":{"rendered":"<p>Conseils g\u00e9n\u00e9raux pour vos voyages Nous vous aidons \u00e0 y voir clair dans la pr\u00e9paration de vos voyages \u2014 du choix de la destination aux d\u00e9tails pratiques sur place. Nous partageons des retours d\u2019exp\u00e9rience concrets, des conseils \u00e9prouv\u00e9s et des &hellip; <\/p>\n","protected":false},"author":1,"featured_media":0,"parent":0,"menu_order":0,"comment_status":"closed","ping_status":"closed","template":"","meta":{"_acf_changed":false,"_seopress_robots_primary_cat":"","_seopress_titles_title":"Nos services : conseil en voyage, itin\u00e9raires sur mesure, voyage avec son chien \u2022 IBO GUIDE","_seopress_titles_desc":"Conseils de voyage complets, du choix de la destination aux d\u00e9tails sur place. Itin\u00e9raires sur mesure, voyage avec son chien, accompagnement et assistance tout au long du voyage.","_seopress_robots_index":"","_seopress_analysis_target_kw":"","footnotes":""},"class_list":["post-4493","page","type-page","status-publish","hentry","latest_post"],"acf":[],"_links":{"self":[{"href":"https:\/\/www.ibo.guide\/fr\/wp-json\/wp\/v2\/pages\/4493","targetHints":{"allow":["GET"]}}],"collection":[{"href":"https:\/\/www.ibo.guide\/fr\/wp-json\/wp\/v2\/pages"}],"about":[{"href":"https:\/\/www.ibo.guide\/fr\/wp-json\/wp\/v2\/types\/page"}],"author":[{"embeddable":true,"href":"https:\/\/www.ibo.guide\/fr\/wp-json\/wp\/v2\/users\/1"}],"replies":[{"embeddable":true,"href":"https:\/\/www.ibo.guide\/fr\/wp-json\/wp\/v2\/comments?post=4493"}],"version-history":[{"count":1,"href":"https:\/\/www.ibo.guide\/fr\/wp-json\/wp\/v2\/pages\/4493\/revisions"}],"predecessor-version":[{"id":4494,"href":"https:\/\/www.ibo.guide\/fr\/wp-json\/wp\/v2\/pages\/4493\/revisions\/4494"}],"wp:attachment":[{"href":"https:\/\/www.ibo.guide\/fr\/wp-json\/wp\/v2\/media?parent=4493"}],"curies":[{"name":"wp","href":"https:\/\/api.w.org\/{rel}","templated":true}]}}