{"id":4490,"date":"2025-12-20T10:39:57","date_gmt":"2025-12-20T09:39:57","guid":{"rendered":"https:\/\/www.ibo.guide\/contact\/"},"modified":"2026-05-02T15:53:28","modified_gmt":"2026-05-02T13:53:28","slug":"contact","status":"publish","type":"page","link":"https:\/\/www.ibo.guide\/fr\/contact\/","title":{"rendered":"Contact"},"content":{"rendered":"\n<p>Nous sommes toujours ravis d\u2019avoir de vos nouvelles \u2014 que vous ayez une petite question de voyage, besoin d\u2019un conseil ou que vous pr\u00e9pariez une grande exp\u00e9dition. Nous sommes l\u00e0 pour vous et ravis de vous aider \u00e0 chaque \u00e9tape des pr\u00e9paratifs.<\/p>\n<div class=\"wp-block-image\">\n<figure class=\"alignright size-large is-resized\"><img alt=\"\" loading=\"lazy\" decoding=\"async\" width=\"1024\" height=\"769\" src=\"https:\/\/www.ibo.guide\/wp-content\/uploads\/2026\/01\/IMG_4864-1024x769.jpg\" alt=\"\" class=\"wp-image-377\" style=\"width:480px\" srcset=\"https:\/\/www.ibo.guide\/wp-content\/uploads\/2026\/01\/IMG_4864-1024x769.jpg 1024w, https:\/\/www.ibo.guide\/wp-content\/uploads\/2026\/01\/IMG_4864-300x225.jpg 300w, https:\/\/www.ibo.guide\/wp-content\/uploads\/2026\/01\/IMG_4864-768x577.jpg 768w, https:\/\/www.ibo.guide\/wp-content\/uploads\/2026\/01\/IMG_4864-1536x1154.jpg 1536w, https:\/\/www.ibo.guide\/wp-content\/uploads\/2026\/01\/IMG_4864-scaled.jpg 2000w, https:\/\/www.ibo.guide\/wp-content\/uploads\/2026\/01\/IMG_4864-80x60.jpg 80w\" sizes=\"auto, (max-width: 1024px) 100vw, 1024px\" \/><\/figure>\n<\/div>\n<h2 class=\"wp-block-heading\">Pour les nouveaux int\u00e9ress\u00e9s<\/h2>\n\n<h3 class=\"wp-block-heading\">E-mail<\/h3>\n\n<p>\u00c9crivez-nous \u00e0 <strong><a href=\"mailto:info@ibo.guide\">info@ibo.guide<\/a><\/strong><\/p>\n\n<h3 class=\"wp-block-heading\">Chat (WhatsApp ou Signal)<\/h3>\n\n<p>Vous pr\u00e9f\u00e9rez le chat ? Nous sommes joignables au <strong>+421 910 820 009<\/strong> :<\/p>\n\n<ul class=\"wp-block-list\">\n<li><strong>WhatsApp :<\/strong> \u00e9crivez-nous au +421 910 820 009 (ou utilisez le lien : <a href=\"https:\/\/wa.me\/421910820009\" data-type=\"link\" data-id=\"https:\/\/wa.me\/421910820009\">https:\/\/wa.me\/421910820009<\/a>)<\/li>\n\n\n\n<li><strong>Signal :<\/strong> \u00e9crivez-nous au +421 910 820 009 (ou utilisez le lien : <a href=\"https:\/\/signal.me\/#p\/+421910820009\">https:\/\/signal.me\/#p\/+421910820009<\/a>)<\/li>\n<\/ul>\n\n<h3 class=\"wp-block-heading\">Que mettre dans votre message<\/h3>\n\n<p>Pour que nous puissions vous r\u00e9pondre au plus vite, merci d\u2019indiquer :<\/p>\n\n<ul class=\"wp-block-list\">\n<li>votre nom et vos coordonn\u00e9es<\/li>\n\n\n\n<li>un objet bref \/ la raison du contact \/ l\u2019aide dont vous avez besoin<\/li>\n\n\n\n<li>votre moyen de contact pr\u00e9f\u00e9r\u00e9<\/li>\n<\/ul>\n\n<h2 class=\"wp-block-heading\">Pour nos clients<\/h2>\n\n<p>Si nous travaillons d\u00e9j\u00e0 ensemble, vous disposez d\u2019un <strong>num\u00e9ro de t\u00e9l\u00e9phone direct<\/strong> qui vous est attribu\u00e9.<br\/>Vous pouvez nous appeler <strong>\u00e0 tout moment<\/strong>, notamment lorsque vous \u00eates en d\u00e9placement et avez besoin d\u2019une assistance imm\u00e9diate.<\/p>\n","protected":false},"excerpt":{"rendered":"<p>Nous sommes toujours ravis d\u2019avoir de vos nouvelles \u2014 que vous ayez une petite question de voyage, besoin d\u2019un conseil ou que vous pr\u00e9pariez une grande exp\u00e9dition. Nous sommes l\u00e0 pour vous et ravis de vous aider \u00e0 chaque \u00e9tape &hellip; <\/p>\n","protected":false},"author":1,"featured_media":0,"parent":0,"menu_order":0,"comment_status":"closed","ping_status":"closed","template":"","meta":{"_acf_changed":false,"_seopress_robots_primary_cat":"","_seopress_titles_title":"Contact \u2022 IBO GUIDE","_seopress_titles_desc":"Contactez-nous pour toute question li\u00e9e au voyage : info@ibo.guide ou WhatsApp\/Signal +421 910 820 009. Nos clients disposent d\u2019un num\u00e9ro direct et d\u2019une assistance, y compris pendant leurs voyages.","_seopress_robots_index":"","_seopress_analysis_target_kw":"","footnotes":""},"class_list":["post-4490","page","type-page","status-publish","hentry","latest_post"],"acf":[],"_links":{"self":[{"href":"https:\/\/www.ibo.guide\/fr\/wp-json\/wp\/v2\/pages\/4490","targetHints":{"allow":["GET"]}}],"collection":[{"href":"https:\/\/www.ibo.guide\/fr\/wp-json\/wp\/v2\/pages"}],"about":[{"href":"https:\/\/www.ibo.guide\/fr\/wp-json\/wp\/v2\/types\/page"}],"author":[{"embeddable":true,"href":"https:\/\/www.ibo.guide\/fr\/wp-json\/wp\/v2\/users\/1"}],"replies":[{"embeddable":true,"href":"https:\/\/www.ibo.guide\/fr\/wp-json\/wp\/v2\/comments?post=4490"}],"version-history":[{"count":1,"href":"https:\/\/www.ibo.guide\/fr\/wp-json\/wp\/v2\/pages\/4490\/revisions"}],"predecessor-version":[{"id":4492,"href":"https:\/\/www.ibo.guide\/fr\/wp-json\/wp\/v2\/pages\/4490\/revisions\/4492"}],"wp:attachment":[{"href":"https:\/\/www.ibo.guide\/fr\/wp-json\/wp\/v2\/media?parent=4490"}],"curies":[{"name":"wp","href":"https:\/\/api.w.org\/{rel}","templated":true}]}}