{"id":2715,"date":"2025-12-20T10:39:57","date_gmt":"2025-12-20T09:39:57","guid":{"rendered":"https:\/\/www.ibo.guide\/contacto\/"},"modified":"2026-03-22T14:23:57","modified_gmt":"2026-03-22T13:23:57","slug":"contacto","status":"publish","type":"page","link":"https:\/\/www.ibo.guide\/es\/contacto\/","title":{"rendered":"Contacto"},"content":{"rendered":"\n<p>Nos encanta cuando la gente se pone en contacto con nosotros \u2014 ya sea que tengas una duda puntual sobre un viaje, necesites una recomendaci\u00f3n o est\u00e9s planificando una gran expedici\u00f3n. Estamos aqu\u00ed para ayudarte y encantados de asesorarte en cualquier fase de los preparativos.<\/p>\n<div class=\"wp-block-image\">\n<figure class=\"alignright size-large is-resized\"><img alt=\"\" loading=\"lazy\" decoding=\"async\" width=\"1024\" height=\"769\" src=\"https:\/\/www.ibo.guide\/wp-content\/uploads\/2026\/01\/IMG_4864-1024x769.jpg\" alt=\"\" class=\"wp-image-377\" style=\"width:480px\" srcset=\"https:\/\/www.ibo.guide\/wp-content\/uploads\/2026\/01\/IMG_4864-1024x769.jpg 1024w, https:\/\/www.ibo.guide\/wp-content\/uploads\/2026\/01\/IMG_4864-300x225.jpg 300w, https:\/\/www.ibo.guide\/wp-content\/uploads\/2026\/01\/IMG_4864-768x577.jpg 768w, https:\/\/www.ibo.guide\/wp-content\/uploads\/2026\/01\/IMG_4864-1536x1154.jpg 1536w, https:\/\/www.ibo.guide\/wp-content\/uploads\/2026\/01\/IMG_4864-scaled.jpg 2000w, https:\/\/www.ibo.guide\/wp-content\/uploads\/2026\/01\/IMG_4864-80x60.jpg 80w\" sizes=\"auto, (max-width: 1024px) 100vw, 1024px\" \/><\/figure>\n<\/div>\n<h2 class=\"wp-block-heading\">Para quienes se ponen en contacto por primera vez<\/h2>\n\n<h3 class=\"wp-block-heading\">Correo electr\u00f3nico<\/h3>\n\n<p>Escr\u00edbenos a <strong><a href=\"mailto:info@ibo.guide\">info@ibo.guide<\/a><\/strong><\/p>\n\n<h3 class=\"wp-block-heading\">Chat (WhatsApp o Signal)<\/h3>\n\n<p>\u00bfPrefieres chatear? Estamos disponibles en el n\u00famero <strong>+421 910 820 009<\/strong>:<\/p>\n\n<ul class=\"wp-block-list\">\n<li><strong>WhatsApp:<\/strong> escr\u00edbenos al n\u00famero +421 910 820 009 (o utiliza el enlace: <a href=\"https:\/\/wa.me\/421910820009\" data-type=\"link\" data-id=\"https:\/\/wa.me\/421910820009\">https:\/\/wa.me\/421910820009<\/a>)<\/li>\n\n\n\n<li><strong>Signal:<\/strong> escr\u00edbenos al n\u00famero +421 910 820 009 (o utiliza el enlace: <a href=\"https:\/\/signal.me\/#p\/+421910820009\">https:\/\/signal.me\/#p\/+421910820009<\/a>)<\/li>\n<\/ul>\n\n<h3 class=\"wp-block-heading\">Qu\u00e9 incluir en tu mensaje<\/h3>\n\n<p>Para poder responderte lo antes posible, ind\u00edcanos:<\/p>\n\n<ul class=\"wp-block-list\">\n<li>tu nombre y datos de contacto<\/li>\n\n\n\n<li>asunto breve \/ motivo del contacto \/ en qu\u00e9 necesitas ayuda<\/li>\n\n\n\n<li>tu forma de contacto preferida<\/li>\n<\/ul>\n\n<h2 class=\"wp-block-heading\">Para nuestros clientes<\/h2>\n\n<p>Si ya estamos colaborando, tendr\u00e1s asignado un <strong>n\u00famero de tel\u00e9fono directo<\/strong>.<br\/>Puedes llamarnos a ese n\u00famero <strong>en cualquier momento<\/strong>, especialmente si est\u00e1s de viaje y necesitas apoyo inmediato.<\/p>\n","protected":false},"excerpt":{"rendered":"<p>Nos encanta cuando la gente se pone en contacto con nosotros \u2014 ya sea que tengas una duda puntual sobre un viaje, necesites una recomendaci\u00f3n o est\u00e9s planificando una gran expedici\u00f3n. Estamos aqu\u00ed para ayudarte y encantados de asesorarte en &hellip; <\/p>\n","protected":false},"author":1,"featured_media":0,"parent":0,"menu_order":0,"comment_status":"closed","ping_status":"closed","template":"","meta":{"_acf_changed":false,"_seopress_robots_primary_cat":"","_seopress_titles_title":"Contacto \u2022 IBO GUIDE","_seopress_titles_desc":"\u00bfTienes dudas sobre tu viaje? Escr\u00edbenos a info@ibo.guide o chatea por WhatsApp o Signal al +421 910 820 009. Te ayudamos en cada etapa de tus preparativos.","_seopress_robots_index":"","_seopress_analysis_target_kw":"","footnotes":""},"class_list":["post-2715","page","type-page","status-publish","hentry","latest_post"],"acf":[],"_links":{"self":[{"href":"https:\/\/www.ibo.guide\/es\/wp-json\/wp\/v2\/pages\/2715","targetHints":{"allow":["GET"]}}],"collection":[{"href":"https:\/\/www.ibo.guide\/es\/wp-json\/wp\/v2\/pages"}],"about":[{"href":"https:\/\/www.ibo.guide\/es\/wp-json\/wp\/v2\/types\/page"}],"author":[{"embeddable":true,"href":"https:\/\/www.ibo.guide\/es\/wp-json\/wp\/v2\/users\/1"}],"replies":[{"embeddable":true,"href":"https:\/\/www.ibo.guide\/es\/wp-json\/wp\/v2\/comments?post=2715"}],"version-history":[{"count":2,"href":"https:\/\/www.ibo.guide\/es\/wp-json\/wp\/v2\/pages\/2715\/revisions"}],"predecessor-version":[{"id":2954,"href":"https:\/\/www.ibo.guide\/es\/wp-json\/wp\/v2\/pages\/2715\/revisions\/2954"}],"wp:attachment":[{"href":"https:\/\/www.ibo.guide\/es\/wp-json\/wp\/v2\/media?parent=2715"}],"curies":[{"name":"wp","href":"https:\/\/api.w.org\/{rel}","templated":true}]}}