{"id":2709,"date":"2025-12-28T11:19:40","date_gmt":"2025-12-28T10:19:40","guid":{"rendered":"https:\/\/www.ibo.guide\/paises\/"},"modified":"2026-03-22T14:23:57","modified_gmt":"2026-03-22T13:23:57","slug":"paises","status":"publish","type":"page","link":"https:\/\/www.ibo.guide\/es\/paises\/","title":{"rendered":"Pa\u00edses"},"content":{"rendered":"<div class=\"map_wrapper\" id=\"map_wrapper_1091\">\n<div class=\"map_box\" style=\"max-width:2000px\">\n<div class=\"map_aspect_ratio\" style=\"padding-top:56%\" data-padding-top=\"56%\" data-padding-top-mobile=\"0%\">\n<div class=\"map_container\">\n<div class=\"map_render map_loading\" id=\"map_1091\"><\/div>\n<\/div>\n<\/div>\n<\/div>\n<\/div>\n\n<p>Aqu\u00ed encontrar\u00e1s una lista de pa\u00edses que hemos ido conociendo durante nuestros viajes: algunos a fondo y otros solo de pasada. En algunos apenas tuvimos tiempo para uno o dos lugares; otros los recorrimos de punta a punta. Y s\u00ed, tambi\u00e9n hay destinos que exploramos con nuestro perro.<\/p>\n\n<h2 class=\"wp-block-heading\">Europa<\/h2>\n<div class=\"map_wrapper\" id=\"map_wrapper_1212\">\n<div class=\"map_box\" style=\"max-width:2000px\">\n<div class=\"map_aspect_ratio\" style=\"padding-top:56%\" data-padding-top=\"56%\" data-padding-top-mobile=\"0%\">\n<div class=\"map_container\">\n<div class=\"map_render map_loading\" id=\"map_1212\"><\/div>\n<\/div>\n<\/div>\n<\/div>\n<\/div>\n\n<p><a href=\"https:\/\/www.ibo.guide\/es\/category\/destinos\/europa\/albania\/\">Albania<\/a>, Armenia, B\u00e9lgica, <a href=\"https:\/\/www.ibo.guide\/es\/category\/destinos\/europa\/bosnia-y-herzegovina\/\">Bosnia y Herzegovina<\/a>, <a href=\"https:\/\/www.ibo.guide\/es\/category\/destinos\/europa\/republica-checa\/\" data-type=\"category\" data-id=\"64\">Chequia<\/a>, <a href=\"https:\/\/www.ibo.guide\/es\/category\/destinos\/europa\/montenegro\/\">Montenegro<\/a>, Dinamarca, <a href=\"https:\/\/www.ibo.guide\/es\/category\/destinos\/europa\/estonia\/\" data-type=\"category\" data-id=\"63\">Estonia<\/a>, <a href=\"https:\/\/www.ibo.guide\/es\/category\/destinos\/europa\/finlandia\/\">Finlandia<\/a>, <a href=\"https:\/\/www.ibo.guide\/es\/category\/destinos\/europa\/francia\/\" data-type=\"category\" data-id=\"72\">Francia<\/a>, Grecia, Georgia, Pa\u00edses Bajos, <a href=\"https:\/\/www.ibo.guide\/es\/category\/destinos\/europa\/croacia\/\" data-type=\"category\" data-id=\"14\">Croacia<\/a>, Lituania, Letonia, Hungr\u00eda, Alemania, <a href=\"https:\/\/www.ibo.guide\/es\/category\/destinos\/europa\/noruega\/\">Noruega<\/a>, <a href=\"https:\/\/www.ibo.guide\/es\/category\/destinos\/europa\/polonia\/\" data-type=\"category\" data-id=\"60\">Polonia<\/a>, Portugal, <a href=\"https:\/\/www.ibo.guide\/es\/category\/destinos\/europa\/austria\/\">Austria<\/a>, Ruman\u00eda, Rusia, San Marino, <a href=\"https:\/\/www.ibo.guide\/es\/category\/destinos\/europa\/eslovaquia\/\">Eslovaquia<\/a>, <a href=\"https:\/\/www.ibo.guide\/es\/category\/destinos\/europa\/eslovenia\/\">Eslovenia<\/a>, Reino Unido, Serbia, <a href=\"https:\/\/www.ibo.guide\/es\/category\/destinos\/europa\/espana\/\" data-type=\"category\" data-id=\"18\">Espa\u00f1a<\/a>, Suiza, <a href=\"https:\/\/www.ibo.guide\/es\/category\/destinos\/europa\/suecia\/\">Suecia<\/a>, <a href=\"https:\/\/www.ibo.guide\/es\/category\/destinos\/europa\/italia\/\">Italia<\/a>, Ucrania, Vaticano<\/p>\n\n<h2 class=\"wp-block-heading\">Asia<\/h2>\n<div class=\"map_wrapper\" id=\"map_wrapper_1214\">\n<div class=\"map_box\" style=\"max-width:2000px\">\n<div class=\"map_aspect_ratio\" style=\"padding-top:56%\" data-padding-top=\"56%\" data-padding-top-mobile=\"0%\">\n<div class=\"map_container\">\n<div class=\"map_render map_loading\" id=\"map_1214\"><\/div>\n<\/div>\n<\/div>\n<\/div>\n<\/div>\n\n<p>China, <a href=\"https:\/\/www.ibo.guide\/es\/category\/destinos\/asia\/hong-kong\/\" data-type=\"category\" data-id=\"66\">Hong Kong<\/a>, Filipinas, India, Indonesia, Israel, Jap\u00f3n, <a href=\"https:\/\/www.ibo.guide\/es\/category\/destinos\/asia\/yemen\/\" data-type=\"category\" data-id=\"43\">Yemen<\/a>, Corea del Sur, L\u00edbano, Malasia, Singapur, <a href=\"https:\/\/www.ibo.guide\/es\/category\/destinos\/asia\/emiratos-arabes-unidos\/\">Emiratos \u00c1rabes Unidos<\/a>, <a href=\"https:\/\/www.ibo.guide\/es\/category\/destinos\/asia\/sri-lanka\/\">Sri Lanka<\/a>, Tailandia, Vietnam<\/p>\n\n<h2 class=\"wp-block-heading\">Australia y Ocean\u00eda<\/h2>\n<div class=\"map_wrapper\" id=\"map_wrapper_1211\">\n<div class=\"map_box\" style=\"max-width:2000px\">\n<div class=\"map_aspect_ratio\" style=\"padding-top:56%\" data-padding-top=\"56%\" data-padding-top-mobile=\"0%\">\n<div class=\"map_container\">\n<div class=\"map_render map_loading\" id=\"map_1211\"><\/div>\n<\/div>\n<\/div>\n<\/div>\n<\/div>\n\n<p>Australia, Nueva Zelanda, <a href=\"https:\/\/www.ibo.guide\/es\/category\/destinos\/oceania\/islas-salomon\/\">Islas Salom\u00f3n<\/a><\/p>\n\n<h2 class=\"wp-block-heading\">Am\u00e9rica<\/h2>\n\n<div class=\"wp-block-columns is-layout-flex wp-container-core-columns-is-layout-9d6595d7 wp-block-columns-is-layout-flex\">\n<div class=\"wp-block-column is-layout-flow wp-block-column-is-layout-flow\"><div class=\"map_wrapper\" id=\"map_wrapper_1297\">\n<div class=\"map_box\" style=\"max-width:2000px\">\n<div class=\"map_aspect_ratio\" style=\"padding-top:56%\" data-padding-top=\"56%\" data-padding-top-mobile=\"0%\">\n<div class=\"map_container\">\n<div class=\"map_render map_loading\" id=\"map_1297\"><\/div>\n<\/div>\n<\/div>\n<\/div>\n<\/div>\n<\/div>\n\n\n\n<div class=\"wp-block-column is-layout-flow wp-block-column-is-layout-flow\"><div class=\"map_wrapper\" id=\"map_wrapper_1213\">\n<div class=\"map_box\" style=\"max-width:2000px\">\n<div class=\"map_aspect_ratio\" style=\"padding-top:56%\" data-padding-top=\"56%\" data-padding-top-mobile=\"0%\">\n<div class=\"map_container\">\n<div class=\"map_render map_loading\" id=\"map_1213\"><\/div>\n<\/div>\n<\/div>\n<\/div>\n<\/div>\n<\/div>\n<\/div>\n\n<p><a href=\"https:\/\/www.ibo.guide\/es\/category\/destinos\/america\/argentina\/\">Argentina<\/a>, <a href=\"https:\/\/www.ibo.guide\/es\/category\/destinos\/america\/bolivia\/\">Bolivia<\/a>, <a href=\"https:\/\/www.ibo.guide\/es\/category\/destinos\/america\/brasil\/\">Brasil<\/a>, <a href=\"https:\/\/www.ibo.guide\/es\/category\/destinos\/america\/chile\/\">Chile<\/a>, <a href=\"https:\/\/www.ibo.guide\/es\/category\/destinos\/america\/dominica\/\" data-type=\"category\" data-id=\"65\">Dominica<\/a>, <a href=\"https:\/\/www.ibo.guide\/es\/category\/destinos\/america\/ecuador\/\" data-type=\"link\" data-id=\"https:\/\/www.ibo.guide\/category\/destinacie\/amerika\/ekvador\/\">Ecuador<\/a>, <a href=\"https:\/\/www.ibo.guide\/es\/category\/destinos\/america\/mexico\/\" data-type=\"category\" data-id=\"71\">M\u00e9xico<\/a>, Panam\u00e1, <a href=\"https:\/\/www.ibo.guide\/es\/category\/destinos\/america\/paraguay\/\" data-type=\"category\" data-id=\"15\">Paraguay<\/a>, <a href=\"https:\/\/www.ibo.guide\/es\/category\/destinos\/america\/estados-unidos-de-america\/\" data-type=\"category\" data-id=\"70\">Estados Unidos (EE. UU.)<\/a><\/p>\n\n<h2 class=\"wp-block-heading\">\u00c1frica<\/h2>\n<div class=\"map_wrapper\" id=\"map_wrapper_1296\">\n<div class=\"map_box\" style=\"max-width:2000px\">\n<div class=\"map_aspect_ratio\" style=\"padding-top:56%\" data-padding-top=\"56%\" data-padding-top-mobile=\"0%\">\n<div class=\"map_container\">\n<div class=\"map_render map_loading\" id=\"map_1296\"><\/div>\n<\/div>\n<\/div>\n<\/div>\n<\/div>\n\n<p>Egipto, Sud\u00e1frica, Kenia, <a href=\"https:\/\/www.ibo.guide\/es\/category\/destinos\/africa\/mozambique\/\" data-type=\"category\" data-id=\"69\">Mozambique<\/a>, Tanzania<\/p>\n\n<p><\/p>\n","protected":false},"excerpt":{"rendered":"<p>Aqu\u00ed encontrar\u00e1s una lista de pa\u00edses que hemos ido conociendo durante nuestros viajes: algunos a fondo y otros solo de pasada. En algunos apenas tuvimos tiempo para uno o dos lugares; otros los recorrimos de punta a punta. Y s\u00ed, &hellip; <\/p>\n","protected":false},"author":1,"featured_media":0,"parent":0,"menu_order":0,"comment_status":"closed","ping_status":"closed","template":"","meta":{"_acf_changed":false,"_seopress_robots_primary_cat":"","_seopress_titles_title":"Pa\u00edses: todos nuestros destinos por continente \u2022 IBO GUIDE","_seopress_titles_desc":"Explora la lista de pa\u00edses que hemos visitado en Europa, Asia, Am\u00e9rica, \u00c1frica y Ocean\u00eda: algunos a fondo, otros de pasada, incluso con nuestro perro.","_seopress_robots_index":"","_seopress_analysis_target_kw":"","footnotes":""},"class_list":["post-2709","page","type-page","status-publish","hentry","latest_post"],"acf":[],"_links":{"self":[{"href":"https:\/\/www.ibo.guide\/es\/wp-json\/wp\/v2\/pages\/2709","targetHints":{"allow":["GET"]}}],"collection":[{"href":"https:\/\/www.ibo.guide\/es\/wp-json\/wp\/v2\/pages"}],"about":[{"href":"https:\/\/www.ibo.guide\/es\/wp-json\/wp\/v2\/types\/page"}],"author":[{"embeddable":true,"href":"https:\/\/www.ibo.guide\/es\/wp-json\/wp\/v2\/users\/1"}],"replies":[{"embeddable":true,"href":"https:\/\/www.ibo.guide\/es\/wp-json\/wp\/v2\/comments?post=2709"}],"version-history":[{"count":2,"href":"https:\/\/www.ibo.guide\/es\/wp-json\/wp\/v2\/pages\/2709\/revisions"}],"predecessor-version":[{"id":2956,"href":"https:\/\/www.ibo.guide\/es\/wp-json\/wp\/v2\/pages\/2709\/revisions\/2956"}],"wp:attachment":[{"href":"https:\/\/www.ibo.guide\/es\/wp-json\/wp\/v2\/media?parent=2709"}],"curies":[{"name":"wp","href":"https:\/\/api.w.org\/{rel}","templated":true}]}}