{"id":2591,"date":"2025-07-14T21:13:31","date_gmt":"2025-07-14T19:13:31","guid":{"rendered":"https:\/\/www.ibo.guide\/sobre-nosotros\/"},"modified":"2026-05-10T20:37:13","modified_gmt":"2026-05-10T18:37:13","slug":"sobre-nosotros","status":"publish","type":"page","link":"https:\/\/www.ibo.guide\/es\/sobre-nosotros\/","title":{"rendered":"Sobre nosotros"},"content":{"rendered":"\n<p class=\"has-text-align-left\">No es f\u00e1cil describirnos en unas l\u00edneas, pero voy a intentarlo\u2026<\/p>\n\n<figure class=\"wp-block-image size-full\"><img alt=\"\" loading=\"lazy\" decoding=\"async\" width=\"1024\" height=\"769\" src=\"https:\/\/www.ibo.guide\/wp-content\/uploads\/2026\/02\/62525514-d7b4-4a18-a44d-49b12b6dd517.jpg\" alt=\"\" class=\"wp-image-1231\" srcset=\"https:\/\/www.ibo.guide\/wp-content\/uploads\/2026\/02\/62525514-d7b4-4a18-a44d-49b12b6dd517.jpg 1024w, https:\/\/www.ibo.guide\/wp-content\/uploads\/2026\/02\/62525514-d7b4-4a18-a44d-49b12b6dd517-300x225.jpg 300w, https:\/\/www.ibo.guide\/wp-content\/uploads\/2026\/02\/62525514-d7b4-4a18-a44d-49b12b6dd517-768x577.jpg 768w, https:\/\/www.ibo.guide\/wp-content\/uploads\/2026\/02\/62525514-d7b4-4a18-a44d-49b12b6dd517-80x60.jpg 80w\" sizes=\"auto, (max-width: 1024px) 100vw, 1024px\" \/><\/figure>\n\n<p>Dos excorporativos quemados a quienes el inicio del covid acab\u00f3 juntando. Boris estaba cumpliendo un sue\u00f1o: hab\u00eda comprado un restaurante en el centro de Bratislava. Yo estaba entre trabajos, reci\u00e9n vuelta de un ashram en India y pensando qu\u00e9 rumbo tomar. Los dos hab\u00edamos viajado mucho, cada uno a su manera: Boris, a lo aventurero, con buceo y esqu\u00ed extremo; yo, m\u00e1s tranquila y centrada en el yoga. El covid nos cort\u00f3 las alas, pero no tiramos la toalla. Gracias a Boris descubr\u00ed las monta\u00f1as eslovacas y, en cuanto se pudo volver a cruzar fronteras, hicimos las maletas.<\/p>\n\n<figure class=\"wp-block-image size-full\"><img alt=\"\" loading=\"lazy\" decoding=\"async\" width=\"1024\" height=\"768\" src=\"https:\/\/www.ibo.guide\/wp-content\/uploads\/2026\/02\/e91013f1-e822-495a-8fa2-ad346be56e64.jpg\" alt=\"\" class=\"wp-image-1230\" srcset=\"https:\/\/www.ibo.guide\/wp-content\/uploads\/2026\/02\/e91013f1-e822-495a-8fa2-ad346be56e64.jpg 1024w, https:\/\/www.ibo.guide\/wp-content\/uploads\/2026\/02\/e91013f1-e822-495a-8fa2-ad346be56e64-300x225.jpg 300w, https:\/\/www.ibo.guide\/wp-content\/uploads\/2026\/02\/e91013f1-e822-495a-8fa2-ad346be56e64-768x576.jpg 768w, https:\/\/www.ibo.guide\/wp-content\/uploads\/2026\/02\/e91013f1-e822-495a-8fa2-ad346be56e64-80x60.jpg 80w\" sizes=\"auto, (max-width: 1024px) 100vw, 1024px\" \/><\/figure>\n\n<p>Nuestro primer gran viaje fue por Ecuador, Panam\u00e1, Paraguay y Brasil: all\u00ed empez\u00f3 nuestra historia de amor con Sudam\u00e9rica, que sigue hasta hoy\u2026<\/p>\n\n<p>\u00bfY en todo esto, d\u00f3nde entra IBO, nuestro fox terrier? Siempre quise tener perro y so\u00f1aba con un vizsla (braco h\u00fangaro). En la familia de Boris, en cambio, llevan generaciones con fox terriers. Durante el covid cuid\u00e1bamos a menudo de Dashi, la perrita de su madre, con la que recorrimos buena parte de las monta\u00f1as de Eslovaquia. Poco a poco, y gracias tambi\u00e9n al teletrabajo, entend\u00ed que era el momento ideal para tener uno propio. As\u00ed lleg\u00f3 IBO (casi vizsla, pero 100 % fox terrier). Cuando fui a ver a los cachorros, enseguida se me subi\u00f3 encima sin parar y no se despeg\u00f3: decisi\u00f3n tomada. Con su t\u00edpica personalidad \u00abfoxy\u00bb nos completa de maravilla y no lo cambiar\u00edamos por nada. Es nuestro compa\u00f1ero de vida y de viaje. \ud83d\udc3e<\/p>\n<div class=\"wp-block-image\">\n<figure class=\"aligncenter size-large\"><img alt=\"\" loading=\"lazy\" decoding=\"async\" width=\"683\" height=\"1024\" src=\"https:\/\/www.ibo.guide\/wp-content\/uploads\/2026\/01\/RADM5060-683x1024.jpg\" alt=\"\" class=\"wp-image-483\" srcset=\"https:\/\/www.ibo.guide\/wp-content\/uploads\/2026\/01\/RADM5060-683x1024.jpg 683w, https:\/\/www.ibo.guide\/wp-content\/uploads\/2026\/01\/RADM5060-200x300.jpg 200w, https:\/\/www.ibo.guide\/wp-content\/uploads\/2026\/01\/RADM5060-768x1152.jpg 768w, https:\/\/www.ibo.guide\/wp-content\/uploads\/2026\/01\/RADM5060-1024x1536.jpg 1024w, https:\/\/www.ibo.guide\/wp-content\/uploads\/2026\/01\/RADM5060.jpg 1333w, https:\/\/www.ibo.guide\/wp-content\/uploads\/2026\/01\/RADM5060-40x60.jpg 40w\" sizes=\"auto, (max-width: 683px) 100vw, 683px\" \/><\/figure>\n<\/div>\n<p class=\"has-text-align-left\">Viaja con nosotros desde peque\u00f1o a casi todas partes. Solo lo dej\u00e1bamos en casa cuando tocaba volar. La separaci\u00f3n siempre se nos hac\u00eda dura: vueltas y vueltas pensando c\u00f3mo estar\u00eda, qu\u00e9 estar\u00eda haciendo, si nos echar\u00eda de menos\u2026 As\u00ed que dijimos basta. Nuestros viajes tomaron un rumbo claro: vendr\u00e1 con nosotros a todas partes, tambi\u00e9n en avi\u00f3n. Y fue una de las mejores decisiones \ud83d\ude42.<\/p>\n\n<figure class=\"wp-block-gallery has-nested-images columns-default is-cropped wp-block-gallery-1 is-layout-flex wp-block-gallery-is-layout-flex\">\n<figure class=\"wp-block-image size-large\"><img alt=\"\" loading=\"lazy\" decoding=\"async\" width=\"682\" height=\"1024\" data-id=\"1232\" src=\"https:\/\/www.ibo.guide\/wp-content\/uploads\/2026\/02\/22759697-59f0-433d-b783-5b21b0acec2c-682x1024.jpg\" alt=\"\" class=\"wp-image-1232\" srcset=\"https:\/\/www.ibo.guide\/wp-content\/uploads\/2026\/02\/22759697-59f0-433d-b783-5b21b0acec2c-682x1024.jpg 682w, https:\/\/www.ibo.guide\/wp-content\/uploads\/2026\/02\/22759697-59f0-433d-b783-5b21b0acec2c-200x300.jpg 200w, https:\/\/www.ibo.guide\/wp-content\/uploads\/2026\/02\/22759697-59f0-433d-b783-5b21b0acec2c-768x1153.jpg 768w, https:\/\/www.ibo.guide\/wp-content\/uploads\/2026\/02\/22759697-59f0-433d-b783-5b21b0acec2c-1023x1536.jpg 1023w, https:\/\/www.ibo.guide\/wp-content\/uploads\/2026\/02\/22759697-59f0-433d-b783-5b21b0acec2c-40x60.jpg 40w, https:\/\/www.ibo.guide\/wp-content\/uploads\/2026\/02\/22759697-59f0-433d-b783-5b21b0acec2c.jpg 1066w\" sizes=\"auto, (max-width: 682px) 100vw, 682px\" \/><\/figure>\n\n\n\n<figure class=\"wp-block-image size-large\"><img alt=\"\" loading=\"lazy\" decoding=\"async\" width=\"768\" height=\"1024\" data-id=\"1233\" src=\"https:\/\/www.ibo.guide\/wp-content\/uploads\/2026\/02\/IMG_3408-768x1024.jpeg\" alt=\"\" class=\"wp-image-1233\" srcset=\"https:\/\/www.ibo.guide\/wp-content\/uploads\/2026\/02\/IMG_3408-768x1024.jpeg 768w, https:\/\/www.ibo.guide\/wp-content\/uploads\/2026\/02\/IMG_3408-225x300.jpeg 225w, https:\/\/www.ibo.guide\/wp-content\/uploads\/2026\/02\/IMG_3408-1152x1536.jpeg 1152w, https:\/\/www.ibo.guide\/wp-content\/uploads\/2026\/02\/IMG_3408-scaled.jpeg 1500w, https:\/\/www.ibo.guide\/wp-content\/uploads\/2026\/02\/IMG_3408-45x60.jpeg 45w\" sizes=\"auto, (max-width: 768px) 100vw, 768px\" \/><\/figure>\n\n\n\n<figure class=\"wp-block-image size-large\"><img alt=\"\" loading=\"lazy\" decoding=\"async\" width=\"768\" height=\"1024\" data-id=\"1235\" src=\"https:\/\/www.ibo.guide\/wp-content\/uploads\/2026\/02\/IMG_8813-768x1024.jpeg\" alt=\"\" class=\"wp-image-1235\" srcset=\"https:\/\/www.ibo.guide\/wp-content\/uploads\/2026\/02\/IMG_8813-768x1024.jpeg 768w, https:\/\/www.ibo.guide\/wp-content\/uploads\/2026\/02\/IMG_8813-225x300.jpeg 225w, https:\/\/www.ibo.guide\/wp-content\/uploads\/2026\/02\/IMG_8813-1152x1536.jpeg 1152w, https:\/\/www.ibo.guide\/wp-content\/uploads\/2026\/02\/IMG_8813-scaled.jpeg 1500w, https:\/\/www.ibo.guide\/wp-content\/uploads\/2026\/02\/IMG_8813-45x60.jpeg 45w\" sizes=\"auto, (max-width: 768px) 100vw, 768px\" \/><\/figure>\n<\/figure>\n","protected":false},"excerpt":{"rendered":"<p>No es f\u00e1cil describirnos en unas l\u00edneas, pero voy a intentarlo\u2026 Dos excorporativos quemados a quienes el inicio del covid acab\u00f3 juntando. Boris estaba cumpliendo un sue\u00f1o: hab\u00eda comprado un restaurante en el centro de Bratislava. Yo estaba entre trabajos, &hellip; <\/p>\n","protected":false},"author":1,"featured_media":0,"parent":0,"menu_order":0,"comment_status":"closed","ping_status":"closed","template":"","meta":{"_acf_changed":false,"_seopress_robots_primary_cat":"","_seopress_titles_title":"Sobre nosotros: nuestra historia y viajes con el fox terrier IBO \u2022 IBO GUIDE","_seopress_titles_desc":"Somos dos exprofesionales del mundo corporativo a quienes unieron los viajes y el fox terrier IBO. Amamos Sudam\u00e9rica y viajamos juntos a todas partes, incluso en avi\u00f3n.","_seopress_robots_index":"","_seopress_analysis_target_kw":"","footnotes":""},"class_list":["post-2591","page","type-page","status-publish","hentry","latest_post"],"acf":[],"_links":{"self":[{"href":"https:\/\/www.ibo.guide\/es\/wp-json\/wp\/v2\/pages\/2591","targetHints":{"allow":["GET"]}}],"collection":[{"href":"https:\/\/www.ibo.guide\/es\/wp-json\/wp\/v2\/pages"}],"about":[{"href":"https:\/\/www.ibo.guide\/es\/wp-json\/wp\/v2\/types\/page"}],"author":[{"embeddable":true,"href":"https:\/\/www.ibo.guide\/es\/wp-json\/wp\/v2\/users\/1"}],"replies":[{"embeddable":true,"href":"https:\/\/www.ibo.guide\/es\/wp-json\/wp\/v2\/comments?post=2591"}],"version-history":[{"count":5,"href":"https:\/\/www.ibo.guide\/es\/wp-json\/wp\/v2\/pages\/2591\/revisions"}],"predecessor-version":[{"id":5271,"href":"https:\/\/www.ibo.guide\/es\/wp-json\/wp\/v2\/pages\/2591\/revisions\/5271"}],"wp:attachment":[{"href":"https:\/\/www.ibo.guide\/es\/wp-json\/wp\/v2\/media?parent=2591"}],"curies":[{"name":"wp","href":"https:\/\/api.w.org\/{rel}","templated":true}]}}