{"id":2587,"date":"2026-02-02T19:30:18","date_gmt":"2026-02-02T18:30:18","guid":{"rendered":"https:\/\/www.ibo.guide\/nuestro-boletin\/"},"modified":"2026-03-22T14:23:57","modified_gmt":"2026-03-22T13:23:57","slug":"nuestro-boletin","status":"publish","type":"page","link":"https:\/\/www.ibo.guide\/es\/nuestro-boletin\/","title":{"rendered":"Nuestro bolet\u00edn"},"content":{"rendered":"\n<h2 class=\"wp-block-heading\">Mantente al d\u00eda con IBO GUIDE<\/h2>\n\n<p>\u00bfQuieres viajar con libertad, de forma aut\u00e9ntica y sin estr\u00e9s? Suscr\u00edbete a nuestro bolet\u00edn y recibe consejos contrastados para viajar con perro, hacer viajes por carretera en coche, practicar senderismo y descubrir ciudades y pa\u00edses que nosotros mismos hemos recorrido.<\/p>\n\n<p>IBO GUIDE te ayuda a ponerte en ruta, a ti y a tu perro.<\/p>\n\n<h2 class=\"wp-block-heading\">\u00bfQu\u00e9 encontrar\u00e1s en nuestro bolet\u00edn?<\/h2>\n\n<ul class=\"wp-block-list\">\n<li>Experiencias reales de viajar con perro (dentro y fuera de la UE)<\/li>\n\n\n\n<li>Rutas probadas para viajes por carretera en coche e itinerarios pr\u00e1cticos<\/li>\n\n\n\n<li>Consejos para senderismo y excursiones, con y sin perro<\/li>\n\n\n\n<li>Recomendaciones de lugares aut\u00e9nticos, lejos del turismo de masas<\/li>\n\n\n\n<li>Consejos pr\u00e1cticos sobre documentaci\u00f3n, normas y planificaci\u00f3n del viaje<\/li>\n<\/ul>\n\n  <div class=\"ibo-cta-center\">\n    <a class=\"ibo-cta ml-onclick-form\"\n       href=\"javascript:void(0)\"\n       onclick=\"ml('show', 'CnL2SU', true); return false;\">\n       BOLET\u00cdN    <\/a>\n  <\/div>\n  \n\n<p>Puedes darte de baja en cualquier momento con un solo clic.<\/p>\n\n<p><\/p>\n","protected":false},"excerpt":{"rendered":"<p>Mantente al d\u00eda con IBO GUIDE \u00bfQuieres viajar con libertad, de forma aut\u00e9ntica y sin estr\u00e9s? Suscr\u00edbete a nuestro bolet\u00edn y recibe consejos contrastados para viajar con perro, hacer viajes por carretera en coche, practicar senderismo y descubrir ciudades y &hellip; <\/p>\n","protected":false},"author":1,"featured_media":0,"parent":0,"menu_order":0,"comment_status":"closed","ping_status":"closed","template":"","meta":{"_acf_changed":false,"_seopress_robots_primary_cat":"","_seopress_titles_title":"Viajar con perro o sin perro \u2022 Un bolet\u00edn lleno de consejos pr\u00e1cticos \u2022 IBO GUIDE","_seopress_titles_desc":"Suscr\u00edbete al bolet\u00edn sobre viajar con perro o sin perro. Experiencias reales, viajes por carretera, senderismo, c\u00f3mo lidiar con la burocracia y consejos pr\u00e1cticos para planificar tus viajes.","_seopress_robots_index":"","_seopress_analysis_target_kw":"","footnotes":""},"class_list":["post-2587","page","type-page","status-publish","hentry","latest_post"],"acf":[],"_links":{"self":[{"href":"https:\/\/www.ibo.guide\/es\/wp-json\/wp\/v2\/pages\/2587","targetHints":{"allow":["GET"]}}],"collection":[{"href":"https:\/\/www.ibo.guide\/es\/wp-json\/wp\/v2\/pages"}],"about":[{"href":"https:\/\/www.ibo.guide\/es\/wp-json\/wp\/v2\/types\/page"}],"author":[{"embeddable":true,"href":"https:\/\/www.ibo.guide\/es\/wp-json\/wp\/v2\/users\/1"}],"replies":[{"embeddable":true,"href":"https:\/\/www.ibo.guide\/es\/wp-json\/wp\/v2\/comments?post=2587"}],"version-history":[{"count":3,"href":"https:\/\/www.ibo.guide\/es\/wp-json\/wp\/v2\/pages\/2587\/revisions"}],"predecessor-version":[{"id":2958,"href":"https:\/\/www.ibo.guide\/es\/wp-json\/wp\/v2\/pages\/2587\/revisions\/2958"}],"wp:attachment":[{"href":"https:\/\/www.ibo.guide\/es\/wp-json\/wp\/v2\/media?parent=2587"}],"curies":[{"name":"wp","href":"https:\/\/api.w.org\/{rel}","templated":true}]}}