{"id":3696,"date":"2025-07-14T21:13:31","date_gmt":"2025-07-14T19:13:31","guid":{"rendered":"https:\/\/www.ibo.guide\/ueber-uns-2\/"},"modified":"2026-04-02T07:59:00","modified_gmt":"2026-04-02T05:59:00","slug":"ueber-uns-2","status":"publish","type":"page","link":"https:\/\/www.ibo.guide\/de\/ueber-uns-2\/","title":{"rendered":"\u00dcber uns"},"content":{"rendered":"\n<p class=\"has-text-align-left\">Sich selbst in ein paar S\u00e4tzen zu beschreiben, ist gar nicht so einfach, aber ich versuche es mal\u2026<\/p>\n\n<figure class=\"wp-block-image size-full\"><img alt=\"\" loading=\"lazy\" decoding=\"async\" width=\"1024\" height=\"769\" src=\"https:\/\/www.ibo.guide\/wp-content\/uploads\/2026\/02\/62525514-d7b4-4a18-a44d-49b12b6dd517.jpg\" alt=\"\" class=\"wp-image-1231\" srcset=\"https:\/\/www.ibo.guide\/wp-content\/uploads\/2026\/02\/62525514-d7b4-4a18-a44d-49b12b6dd517.jpg 1024w, https:\/\/www.ibo.guide\/wp-content\/uploads\/2026\/02\/62525514-d7b4-4a18-a44d-49b12b6dd517-300x225.jpg 300w, https:\/\/www.ibo.guide\/wp-content\/uploads\/2026\/02\/62525514-d7b4-4a18-a44d-49b12b6dd517-768x577.jpg 768w, https:\/\/www.ibo.guide\/wp-content\/uploads\/2026\/02\/62525514-d7b4-4a18-a44d-49b12b6dd517-80x60.jpg 80w\" sizes=\"auto, (max-width: 1024px) 100vw, 1024px\" \/><\/figure>\n\n<p>Zwei ehemalige, vom Konzernleben ausgebrannte Menschen \u2013 zusammengebracht vom Beginn der Covid-Zeit. Boris erf\u00fcllte sich gerade einen Traum und kaufte ein Restaurant im Zentrum von Bratislava. Ich hatte eine Pause zwischen Jobs, kam aus einem Ashram in Indien zur\u00fcck und fragte mich, wie es weitergehen sollte. Reiseerfahren waren wir beide \u2013 Boris abenteuerlustig, mit Tauchen und Extremskifahren, ich eher die Ruhigere, mit Yoga. Covid hat uns zwar die Fl\u00fcgel gestutzt, aber wir haben nicht aufgegeben. Dank Boris habe ich w\u00e4hrend Covid die slowakischen Berge entdeckt, und sobald wir wieder ins Ausland reisen konnten, haben wir die Koffer gepackt.<\/p>\n\n<figure class=\"wp-block-image size-full\"><img alt=\"\" loading=\"lazy\" decoding=\"async\" width=\"1024\" height=\"768\" src=\"https:\/\/www.ibo.guide\/wp-content\/uploads\/2026\/02\/e91013f1-e822-495a-8fa2-ad346be56e64.jpg\" alt=\"\" class=\"wp-image-1230\" srcset=\"https:\/\/www.ibo.guide\/wp-content\/uploads\/2026\/02\/e91013f1-e822-495a-8fa2-ad346be56e64.jpg 1024w, https:\/\/www.ibo.guide\/wp-content\/uploads\/2026\/02\/e91013f1-e822-495a-8fa2-ad346be56e64-300x225.jpg 300w, https:\/\/www.ibo.guide\/wp-content\/uploads\/2026\/02\/e91013f1-e822-495a-8fa2-ad346be56e64-768x576.jpg 768w, https:\/\/www.ibo.guide\/wp-content\/uploads\/2026\/02\/e91013f1-e822-495a-8fa2-ad346be56e64-80x60.jpg 80w\" sizes=\"auto, (max-width: 1024px) 100vw, 1024px\" \/><\/figure>\n\n<p>Unsere erste gr\u00f6\u00dfere Reise f\u00fchrte nach Ecuador, Panama, Paraguay und Brasilien \u2013 dort begann unsere Liebesgeschichte mit S\u00fcdamerika, die bis heute anh\u00e4lt\u2026<\/p>\n\n<p>Und wie kam in dieser ganzen Geschichte IBO, unser Foxterrier, ins Spiel? Ich wollte schon immer einen Hund \u2013 am liebsten einen Magyar Vizsla. In Boris\u2019 Familie gab es dagegen seit Generationen Foxterrier. W\u00e4hrend Covid passten wir oft auf Dashi auf, die H\u00fcndin seiner Mutter, mit der wir ein gutes St\u00fcck der slowakischen Berge erwandert haben. Mit der Zeit \u2013 auch dank Homeoffice \u2013 wurde mir klar: Es ist der perfekte Moment f\u00fcr einen eigenen Hund. Also kam IBO zu uns (fast ein Vizsla, aber sonst 100 % Foxterrier). Als ich mir die Welpen ansah, kletterte er sofort auf mir herum und wich mir nicht mehr von der Seite \u2013 die Entscheidung war gefallen\u2026 Mit seinem typischen \u201efoxy\u201c-Wesen erg\u00e4nzt er uns wunderbar, und wir w\u00fcrden ihn um nichts in der Welt eintauschen. Er ist unser Partner f\u00fcrs Leben und f\u00fcrs Reisen. \ud83d\udc3e<\/p>\n<div class=\"wp-block-image\">\n<figure class=\"aligncenter size-large\"><img alt=\"\" loading=\"lazy\" decoding=\"async\" width=\"683\" height=\"1024\" src=\"https:\/\/www.ibo.guide\/wp-content\/uploads\/2026\/01\/RADM5060-683x1024.jpg\" alt=\"\" class=\"wp-image-483\" srcset=\"https:\/\/www.ibo.guide\/wp-content\/uploads\/2026\/01\/RADM5060-683x1024.jpg 683w, https:\/\/www.ibo.guide\/wp-content\/uploads\/2026\/01\/RADM5060-200x300.jpg 200w, https:\/\/www.ibo.guide\/wp-content\/uploads\/2026\/01\/RADM5060-768x1152.jpg 768w, https:\/\/www.ibo.guide\/wp-content\/uploads\/2026\/01\/RADM5060-1024x1536.jpg 1024w, https:\/\/www.ibo.guide\/wp-content\/uploads\/2026\/01\/RADM5060-1365x2048.jpg 1365w, https:\/\/www.ibo.guide\/wp-content\/uploads\/2026\/01\/RADM5060-40x60.jpg 40w, https:\/\/www.ibo.guide\/wp-content\/uploads\/2026\/01\/RADM5060.jpg 1687w\" sizes=\"auto, (max-width: 683px) 100vw, 683px\" \/><\/figure>\n<\/div>\n<p class=\"has-text-align-left\">Seit er klein ist, reist er mit uns fast \u00fcberallhin. Zu Hause blieb er nur, wenn wir flogen. Die Trennung fiel uns jedes Mal schwer \u2013 endlose Gr\u00fcbeleien, wie es ihm wohl geht, was er gerade macht, ob er uns vermisst\u2026 Also sagten wir: Schluss damit. Ab da war die Richtung klar: Er kommt \u00fcberall mit \u2013 auch ins Flugzeug. Und es war eine unserer besten Entscheidungen \ud83d\ude42.<\/p>\n\n<figure class=\"wp-block-gallery has-nested-images columns-default is-cropped wp-block-gallery-1 is-layout-flex wp-block-gallery-is-layout-flex\">\n<figure class=\"wp-block-image size-large\"><img alt=\"\" loading=\"lazy\" decoding=\"async\" width=\"682\" height=\"1024\" data-id=\"1232\" src=\"https:\/\/www.ibo.guide\/wp-content\/uploads\/2026\/02\/22759697-59f0-433d-b783-5b21b0acec2c-682x1024.jpg\" alt=\"\" class=\"wp-image-1232\" srcset=\"https:\/\/www.ibo.guide\/wp-content\/uploads\/2026\/02\/22759697-59f0-433d-b783-5b21b0acec2c-682x1024.jpg 682w, https:\/\/www.ibo.guide\/wp-content\/uploads\/2026\/02\/22759697-59f0-433d-b783-5b21b0acec2c-200x300.jpg 200w, https:\/\/www.ibo.guide\/wp-content\/uploads\/2026\/02\/22759697-59f0-433d-b783-5b21b0acec2c-768x1153.jpg 768w, https:\/\/www.ibo.guide\/wp-content\/uploads\/2026\/02\/22759697-59f0-433d-b783-5b21b0acec2c-1023x1536.jpg 1023w, https:\/\/www.ibo.guide\/wp-content\/uploads\/2026\/02\/22759697-59f0-433d-b783-5b21b0acec2c-40x60.jpg 40w, https:\/\/www.ibo.guide\/wp-content\/uploads\/2026\/02\/22759697-59f0-433d-b783-5b21b0acec2c.jpg 1066w\" sizes=\"auto, (max-width: 682px) 100vw, 682px\" \/><\/figure>\n\n\n\n<figure class=\"wp-block-image size-large\"><img alt=\"\" loading=\"lazy\" decoding=\"async\" width=\"768\" height=\"1024\" data-id=\"1233\" src=\"https:\/\/www.ibo.guide\/wp-content\/uploads\/2026\/02\/IMG_3408-768x1024.jpeg\" alt=\"\" class=\"wp-image-1233\" srcset=\"https:\/\/www.ibo.guide\/wp-content\/uploads\/2026\/02\/IMG_3408-768x1024.jpeg 768w, https:\/\/www.ibo.guide\/wp-content\/uploads\/2026\/02\/IMG_3408-225x300.jpeg 225w, https:\/\/www.ibo.guide\/wp-content\/uploads\/2026\/02\/IMG_3408-1152x1536.jpeg 1152w, https:\/\/www.ibo.guide\/wp-content\/uploads\/2026\/02\/IMG_3408-1536x2048.jpeg 1536w, https:\/\/www.ibo.guide\/wp-content\/uploads\/2026\/02\/IMG_3408-45x60.jpeg 45w, https:\/\/www.ibo.guide\/wp-content\/uploads\/2026\/02\/IMG_3408-scaled.jpeg 1920w\" sizes=\"auto, (max-width: 768px) 100vw, 768px\" \/><\/figure>\n\n\n\n<figure class=\"wp-block-image size-large\"><img alt=\"\" loading=\"lazy\" decoding=\"async\" width=\"768\" height=\"1024\" data-id=\"1235\" src=\"https:\/\/www.ibo.guide\/wp-content\/uploads\/2026\/02\/IMG_8813-768x1024.jpeg\" alt=\"\" class=\"wp-image-1235\" srcset=\"https:\/\/www.ibo.guide\/wp-content\/uploads\/2026\/02\/IMG_8813-768x1024.jpeg 768w, https:\/\/www.ibo.guide\/wp-content\/uploads\/2026\/02\/IMG_8813-225x300.jpeg 225w, https:\/\/www.ibo.guide\/wp-content\/uploads\/2026\/02\/IMG_8813-1152x1536.jpeg 1152w, https:\/\/www.ibo.guide\/wp-content\/uploads\/2026\/02\/IMG_8813-1536x2048.jpeg 1536w, https:\/\/www.ibo.guide\/wp-content\/uploads\/2026\/02\/IMG_8813-45x60.jpeg 45w, https:\/\/www.ibo.guide\/wp-content\/uploads\/2026\/02\/IMG_8813-scaled.jpeg 1920w\" sizes=\"auto, (max-width: 768px) 100vw, 768px\" \/><\/figure>\n<\/figure>\n","protected":false},"excerpt":{"rendered":"<p>Sich selbst in ein paar S\u00e4tzen zu beschreiben, ist gar nicht so einfach, aber ich versuche es mal\u2026 Zwei ehemalige, vom Konzernleben ausgebrannte Menschen \u2013 zusammengebracht vom Beginn der Covid-Zeit. Boris erf\u00fcllte sich gerade einen Traum und kaufte ein Restaurant &hellip; <\/p>\n","protected":false},"author":1,"featured_media":0,"parent":0,"menu_order":0,"comment_status":"closed","ping_status":"closed","template":"","meta":{"_seopress_robots_primary_cat":"","_seopress_titles_title":"\u00dcber uns: Wer hinter IBO GUIDE steckt \u2022 IBO GUIDE","_seopress_titles_desc":"Wir sind ein reisendes Duo mit Foxterrier IBO. Vom Konzernleben in die Welt: seit der Covid-Zeit unterwegs, verliebt in S\u00fcdamerika \u2013 immer mit Hund.","_seopress_robots_index":"","footnotes":""},"class_list":["post-3696","page","type-page","status-publish","hentry","latest_post"],"_links":{"self":[{"href":"https:\/\/www.ibo.guide\/de\/wp-json\/wp\/v2\/pages\/3696","targetHints":{"allow":["GET"]}}],"collection":[{"href":"https:\/\/www.ibo.guide\/de\/wp-json\/wp\/v2\/pages"}],"about":[{"href":"https:\/\/www.ibo.guide\/de\/wp-json\/wp\/v2\/types\/page"}],"author":[{"embeddable":true,"href":"https:\/\/www.ibo.guide\/de\/wp-json\/wp\/v2\/users\/1"}],"replies":[{"embeddable":true,"href":"https:\/\/www.ibo.guide\/de\/wp-json\/wp\/v2\/comments?post=3696"}],"version-history":[{"count":1,"href":"https:\/\/www.ibo.guide\/de\/wp-json\/wp\/v2\/pages\/3696\/revisions"}],"predecessor-version":[{"id":3700,"href":"https:\/\/www.ibo.guide\/de\/wp-json\/wp\/v2\/pages\/3696\/revisions\/3700"}],"wp:attachment":[{"href":"https:\/\/www.ibo.guide\/de\/wp-json\/wp\/v2\/media?parent=3696"}],"curies":[{"name":"wp","href":"https:\/\/api.w.org\/{rel}","templated":true}]}}