{"id":3689,"date":"2026-02-02T19:30:18","date_gmt":"2026-02-02T18:30:18","guid":{"rendered":"https:\/\/www.ibo.guide\/unser-newsletter\/"},"modified":"2026-04-02T07:58:58","modified_gmt":"2026-04-02T05:58:58","slug":"unser-newsletter","status":"publish","type":"page","link":"https:\/\/www.ibo.guide\/de\/unser-newsletter\/","title":{"rendered":"Unser Newsletter"},"content":{"rendered":"\n<h2 class=\"wp-block-heading\">Bleib bei IBO GUIDE auf dem Laufenden<\/h2>\n\n<p>M\u00f6chtest du frei, authentisch und ohne Stress reisen? Abonniere unseren Newsletter und erhalte bew\u00e4hrte Tipps f\u00fcr Reisen mit Hund, Roadtrips mit dem Auto, Wandern \u2013 und f\u00fcrs Entdecken von Orten und L\u00e4ndern, die wir selbst bereist haben.<\/p>\n\n<p>IBO GUIDE bringt dich und deinen Hund auf Tour.<\/p>\n\n<h2 class=\"wp-block-heading\">Was erwartet dich in unserem Newsletter?<\/h2>\n\n<ul class=\"wp-block-list\">\n<li>Echte Erfahrungen beim Reisen mit Hund (in der EU und dar\u00fcber hinaus)<\/li>\n\n\n\n<li>Bew\u00e4hrte Routen f\u00fcr Roadtrips mit dem Auto und praktische Reisepl\u00e4ne<\/li>\n\n\n\n<li>Tipps zum Wandern und f\u00fcr Ausfl\u00fcge \u2013 mit und ohne Hund<\/li>\n\n\n\n<li>Empfehlungen f\u00fcr authentische Orte abseits des Massentourismus<\/li>\n\n\n\n<li>Praktische Hinweise zu Dokumenten, Vorschriften und Reiseplanung<\/li>\n<\/ul>\n\n  <div class=\"ibo-cta-center\">\n    <a class=\"ibo-cta ml-onclick-form\"\n       href=\"javascript:void(0)\"\n       onclick=\"ml('show', 'HhIQpJ', true); return false;\">\n       NEWSLETTER    <\/a>\n  <\/div>\n  \n\n<p>Du kannst dich jederzeit mit einem Klick abmelden.<\/p>\n\n<p><\/p>\n","protected":false},"excerpt":{"rendered":"<p>Bleib bei IBO GUIDE auf dem Laufenden M\u00f6chtest du frei, authentisch und ohne Stress reisen? Abonniere unseren Newsletter und erhalte bew\u00e4hrte Tipps f\u00fcr Reisen mit Hund, Roadtrips mit dem Auto, Wandern \u2013 und f\u00fcrs Entdecken von Orten und L\u00e4ndern, die &hellip; <\/p>\n","protected":false},"author":1,"featured_media":0,"parent":0,"menu_order":0,"comment_status":"closed","ping_status":"closed","template":"","meta":{"_seopress_robots_primary_cat":"","_seopress_titles_title":"Reisen mit und ohne Hund \u2022 Newsletter voller praktischer Tipps \u2022 IBO GUIDE","_seopress_titles_desc":"Jetzt unseren Newsletter zu Reisen mit und ohne Hund abonnieren. Echte Erfahrungen, Roadtrips, Wandern, der Kampf mit der B\u00fcrokratie \u2013 und praktische Tipps f\u00fcr die Reiseplanung.","_seopress_robots_index":"","footnotes":""},"class_list":["post-3689","page","type-page","status-publish","hentry","latest_post"],"_links":{"self":[{"href":"https:\/\/www.ibo.guide\/de\/wp-json\/wp\/v2\/pages\/3689","targetHints":{"allow":["GET"]}}],"collection":[{"href":"https:\/\/www.ibo.guide\/de\/wp-json\/wp\/v2\/pages"}],"about":[{"href":"https:\/\/www.ibo.guide\/de\/wp-json\/wp\/v2\/types\/page"}],"author":[{"embeddable":true,"href":"https:\/\/www.ibo.guide\/de\/wp-json\/wp\/v2\/users\/1"}],"replies":[{"embeddable":true,"href":"https:\/\/www.ibo.guide\/de\/wp-json\/wp\/v2\/comments?post=3689"}],"version-history":[{"count":1,"href":"https:\/\/www.ibo.guide\/de\/wp-json\/wp\/v2\/pages\/3689\/revisions"}],"predecessor-version":[{"id":3691,"href":"https:\/\/www.ibo.guide\/de\/wp-json\/wp\/v2\/pages\/3689\/revisions\/3691"}],"wp:attachment":[{"href":"https:\/\/www.ibo.guide\/de\/wp-json\/wp\/v2\/media?parent=3689"}],"curies":[{"name":"wp","href":"https:\/\/api.w.org\/{rel}","templated":true}]}}