{"id":3649,"date":"2026-01-14T17:00:27","date_gmt":"2026-01-14T16:00:27","guid":{"rendered":"https:\/\/www.ibo.guide\/unsere-spur\/"},"modified":"2026-04-02T07:58:54","modified_gmt":"2026-04-02T05:58:54","slug":"unsere-spur","status":"publish","type":"page","link":"https:\/\/www.ibo.guide\/de\/unsere-spur\/","title":{"rendered":"Unsere Spur"},"content":{"rendered":"\n<p>F\u00fcr uns endet eine Reise nicht mit dem letzten Foto. Auf dieser Seite finden Sie Artikel, Interviews und Podcasts, in denen unsere Geschichte erz\u00e4hlt wird, sowie Veranstaltungen und Festivals, bei denen wir dabei waren oder dabei sein werden. Eine kleine Karte der Spuren, die wir auf Reisen \u2013 und dar\u00fcber hinaus \u2013 hinterlassen.<\/p>\n\n<h2 class=\"wp-block-heading\">Im Startitup-Interview<\/h2>\n<div class=\"wp-block-image\">\n<figure class=\"alignleft size-large is-resized\"><img alt=\"\" loading=\"lazy\" decoding=\"async\" width=\"1024\" height=\"976\" src=\"https:\/\/www.ibo.guide\/wp-content\/uploads\/2026\/02\/347428559_672263318053440_2514116061998978257_n-1024x976.jpg\" alt=\"\" class=\"wp-image-1357\" style=\"width:120px\" srcset=\"https:\/\/www.ibo.guide\/wp-content\/uploads\/2026\/02\/347428559_672263318053440_2514116061998978257_n-1024x976.jpg 1024w, https:\/\/www.ibo.guide\/wp-content\/uploads\/2026\/02\/347428559_672263318053440_2514116061998978257_n-300x286.jpg 300w, https:\/\/www.ibo.guide\/wp-content\/uploads\/2026\/02\/347428559_672263318053440_2514116061998978257_n-768x732.jpg 768w, https:\/\/www.ibo.guide\/wp-content\/uploads\/2026\/02\/347428559_672263318053440_2514116061998978257_n-63x60.jpg 63w, https:\/\/www.ibo.guide\/wp-content\/uploads\/2026\/02\/347428559_672263318053440_2514116061998978257_n.jpg 1267w\" sizes=\"auto, (max-width: 1024px) 100vw, 1024px\" \/><\/figure>\n<\/div>\n<p>Auf Startitup.sk, einem der meistgelesenen und einflussreichsten Online-Medien der Slowakei mit Fokus auf Unternehmertum, Innovation und inspirierende Geschichten, ist ein Interview \u00fcber unser Projekt erschienen. Darin erz\u00e4hlt Boris, wie das Portal entstanden ist und wie wir mit unserem Hund Ibo um die Welt reisen. Der Artikel zeigt, wie aus einer pers\u00f6nlichen Leidenschaft ein Projekt wurde, das f\u00fcr authentisches Reisen und handfeste Erfahrungen rund ums Reisen mit Hund steht.<\/p>\n\n<p>Zum vollst\u00e4ndigen Artikel: <a href=\"https:\/\/www.startitup.sk\/?p=1170840&amp;siu_unlock_paywall=1&amp;_sup_nonce=202ac5c2e2\">Er tauschte das Unternehmertum in Bratislava gegen Weltreisen mit seinem Hund ein. Er zeigt Slowakinnen und Slowaken, wie das mit wenig Geld und ohne Stress gelingt<\/a><\/p>\n\n<h2 class=\"wp-block-heading\">Im Podcast Zveromachri<\/h2>\n<div class=\"wp-block-image\">\n<figure class=\"alignleft size-large is-resized\"><img alt=\"\" loading=\"lazy\" decoding=\"async\" width=\"1024\" height=\"1024\" src=\"https:\/\/www.ibo.guide\/wp-content\/uploads\/2026\/01\/zveromachriart-1024x1024.jpg\" alt=\"\" class=\"wp-image-527\" style=\"width:120px\" srcset=\"https:\/\/www.ibo.guide\/wp-content\/uploads\/2026\/01\/zveromachriart-1024x1024.jpg 1024w, https:\/\/www.ibo.guide\/wp-content\/uploads\/2026\/01\/zveromachriart-300x300.jpg 300w, https:\/\/www.ibo.guide\/wp-content\/uploads\/2026\/01\/zveromachriart-150x150.jpg 150w, https:\/\/www.ibo.guide\/wp-content\/uploads\/2026\/01\/zveromachriart-768x768.jpg 768w, https:\/\/www.ibo.guide\/wp-content\/uploads\/2026\/01\/zveromachriart-1536x1536.jpg 1536w, https:\/\/www.ibo.guide\/wp-content\/uploads\/2026\/01\/zveromachriart-60x60.jpg 60w, https:\/\/www.ibo.guide\/wp-content\/uploads\/2026\/01\/zveromachriart.jpg 1800w\" sizes=\"auto, (max-width: 1024px) 100vw, 1024px\" \/><\/figure>\n<\/div>\n<p><strong>Zveromachri<\/strong> ist ein popul\u00e4rer slowakischer Podcast, in dem Tier\u00e4rztinnen und Tier\u00e4rzte (oft mit dem Spitznamen \u201eZveromachri\u201c) aus ihrem Praxisalltag erz\u00e4hlen \u2013 \u00fcber Tierpflege, schwierige Momente und lustige Geschichten \u2013 locker und mit Humor. Produziert wird er von der Plattform ZAPO. Unsere Reiseerfahrungen durften dort nat\u00fcrlich nicht fehlen.<\/p>\n\n<p>Teil 1: <a href=\"https:\/\/open.spotify.com\/episode\/4uqf58ZwtdrmNQ4xwqbPNq?si=71361fe781574d11\">Mit dem eigenen Hund um die Welt fliegen<\/a><br\/>Teil 2: <a href=\"https:\/\/open.spotify.com\/episode\/17kGL5J07HoW1zP8JGHhQB?si=Gp583uRTRHWZR1cCXjjONA\">Experte im \u00dcber-den-Zaun-Kacken<\/a><\/p>\n","protected":false},"excerpt":{"rendered":"<p>F\u00fcr uns endet eine Reise nicht mit dem letzten Foto. Auf dieser Seite finden Sie Artikel, Interviews und Podcasts, in denen unsere Geschichte erz\u00e4hlt wird, sowie Veranstaltungen und Festivals, bei denen wir dabei waren oder dabei sein werden. Eine kleine &hellip; <\/p>\n","protected":false},"author":1,"featured_media":0,"parent":0,"menu_order":0,"comment_status":"closed","ping_status":"closed","template":"","meta":{"_seopress_robots_primary_cat":"","_seopress_titles_title":"Unsere Spur: Artikel, Interviews, Podcasts & Events \u2022 IBO GUIDE","_seopress_titles_desc":"Sammlung von Artikeln, Interviews und Podcasts \u00fcber IBO GUIDE \u2013 plus Auftritte bei Events und Festivals. Unsere Spur zeigt, wo unsere Geschichte erz\u00e4hlt wird.","_seopress_robots_index":"","footnotes":""},"class_list":["post-3649","page","type-page","status-publish","hentry","latest_post"],"_links":{"self":[{"href":"https:\/\/www.ibo.guide\/de\/wp-json\/wp\/v2\/pages\/3649","targetHints":{"allow":["GET"]}}],"collection":[{"href":"https:\/\/www.ibo.guide\/de\/wp-json\/wp\/v2\/pages"}],"about":[{"href":"https:\/\/www.ibo.guide\/de\/wp-json\/wp\/v2\/types\/page"}],"author":[{"embeddable":true,"href":"https:\/\/www.ibo.guide\/de\/wp-json\/wp\/v2\/users\/1"}],"replies":[{"embeddable":true,"href":"https:\/\/www.ibo.guide\/de\/wp-json\/wp\/v2\/comments?post=3649"}],"version-history":[{"count":1,"href":"https:\/\/www.ibo.guide\/de\/wp-json\/wp\/v2\/pages\/3649\/revisions"}],"predecessor-version":[{"id":3650,"href":"https:\/\/www.ibo.guide\/de\/wp-json\/wp\/v2\/pages\/3649\/revisions\/3650"}],"wp:attachment":[{"href":"https:\/\/www.ibo.guide\/de\/wp-json\/wp\/v2\/media?parent=3649"}],"curies":[{"name":"wp","href":"https:\/\/api.w.org\/{rel}","templated":true}]}}